{"id":1616,"date":"2019-12-18T17:07:04","date_gmt":"2019-12-18T20:07:04","guid":{"rendered":"http:\/\/koshkil.com.ar\/test\/?page_id=1616"},"modified":"2020-06-25T13:54:05","modified_gmt":"2020-06-25T16:54:05","slug":"about-2","status":"publish","type":"page","link":"https:\/\/koshkil.com.ar\/en\/about-2\/","title":{"rendered":"About"},"content":{"rendered":"<div class=\"vc_row wpb_row vc_row-fluid origin vc_custom_1589753198812 vc_row-has-fill\"><div class=\"wpb_column vc_column_container vc_col-sm-12 sc_layouts_column_icons_position_left\" id=\"about_header\"><div class=\"vc_column-inner vc_custom_1589753018938\"><div class=\"wpb_wrapper\"><div class=\"wpb_gallery wpb_content_element vc_clearfix\" id=\"about_galeria\"><div class=\"wpb_wrapper\"><div class=\"wpb_gallery_slides wpb_flexslider flexslider_fade flexslider\" data-interval=\"3\" data-flex_fx=\"fade\"><ul class=\"slides\"><li><img loading=\"lazy\" decoding=\"async\" width=\"2000\" height=\"1200\" src=\"https:\/\/koshkil.com.ar\/wp-content\/uploads\/2020\/05\/sobre-nosotros-back3-1-min.jpg\" class=\"attachment-full\" alt=\"\" srcset=\"https:\/\/koshkil.com.ar\/wp-content\/uploads\/2020\/05\/sobre-nosotros-back3-1-min.jpg 2000w, https:\/\/koshkil.com.ar\/wp-content\/uploads\/2020\/05\/sobre-nosotros-back3-1-min-300x180.jpg 300w, https:\/\/koshkil.com.ar\/wp-content\/uploads\/2020\/05\/sobre-nosotros-back3-1-min-1024x614.jpg 1024w, https:\/\/koshkil.com.ar\/wp-content\/uploads\/2020\/05\/sobre-nosotros-back3-1-min-768x461.jpg 768w, https:\/\/koshkil.com.ar\/wp-content\/uploads\/2020\/05\/sobre-nosotros-back3-1-min-1536x922.jpg 1536w, https:\/\/koshkil.com.ar\/wp-content\/uploads\/2020\/05\/sobre-nosotros-back3-1-min-370x222.jpg 370w, https:\/\/koshkil.com.ar\/wp-content\/uploads\/2020\/05\/sobre-nosotros-back3-1-min-760x456.jpg 760w, https:\/\/koshkil.com.ar\/wp-content\/uploads\/2020\/05\/sobre-nosotros-back3-1-min-430x258.jpg 430w, https:\/\/koshkil.com.ar\/wp-content\/uploads\/2020\/05\/sobre-nosotros-back3-1-min-570x342.jpg 570w\" sizes=\"auto, (max-width: 2000px) 100vw, 2000px\" \/><\/li><li><img loading=\"lazy\" decoding=\"async\" width=\"2000\" height=\"1200\" src=\"https:\/\/koshkil.com.ar\/wp-content\/uploads\/2020\/05\/sobre-nosotros-back2-1-min.jpg\" class=\"attachment-full\" alt=\"\" srcset=\"https:\/\/koshkil.com.ar\/wp-content\/uploads\/2020\/05\/sobre-nosotros-back2-1-min.jpg 2000w, https:\/\/koshkil.com.ar\/wp-content\/uploads\/2020\/05\/sobre-nosotros-back2-1-min-300x180.jpg 300w, https:\/\/koshkil.com.ar\/wp-content\/uploads\/2020\/05\/sobre-nosotros-back2-1-min-1024x614.jpg 1024w, https:\/\/koshkil.com.ar\/wp-content\/uploads\/2020\/05\/sobre-nosotros-back2-1-min-768x461.jpg 768w, https:\/\/koshkil.com.ar\/wp-content\/uploads\/2020\/05\/sobre-nosotros-back2-1-min-1536x922.jpg 1536w, https:\/\/koshkil.com.ar\/wp-content\/uploads\/2020\/05\/sobre-nosotros-back2-1-min-370x222.jpg 370w, https:\/\/koshkil.com.ar\/wp-content\/uploads\/2020\/05\/sobre-nosotros-back2-1-min-760x456.jpg 760w, https:\/\/koshkil.com.ar\/wp-content\/uploads\/2020\/05\/sobre-nosotros-back2-1-min-430x258.jpg 430w, https:\/\/koshkil.com.ar\/wp-content\/uploads\/2020\/05\/sobre-nosotros-back2-1-min-570x342.jpg 570w\" sizes=\"auto, (max-width: 2000px) 100vw, 2000px\" \/><\/li><li><img loading=\"lazy\" decoding=\"async\" width=\"2000\" height=\"1200\" src=\"https:\/\/koshkil.com.ar\/wp-content\/uploads\/2020\/05\/sobre-nosotros-back-min.jpg\" class=\"attachment-full\" alt=\"\" srcset=\"https:\/\/koshkil.com.ar\/wp-content\/uploads\/2020\/05\/sobre-nosotros-back-min.jpg 2000w, https:\/\/koshkil.com.ar\/wp-content\/uploads\/2020\/05\/sobre-nosotros-back-min-300x180.jpg 300w, https:\/\/koshkil.com.ar\/wp-content\/uploads\/2020\/05\/sobre-nosotros-back-min-1024x614.jpg 1024w, https:\/\/koshkil.com.ar\/wp-content\/uploads\/2020\/05\/sobre-nosotros-back-min-768x461.jpg 768w, https:\/\/koshkil.com.ar\/wp-content\/uploads\/2020\/05\/sobre-nosotros-back-min-1536x922.jpg 1536w, https:\/\/koshkil.com.ar\/wp-content\/uploads\/2020\/05\/sobre-nosotros-back-min-370x222.jpg 370w, https:\/\/koshkil.com.ar\/wp-content\/uploads\/2020\/05\/sobre-nosotros-back-min-760x456.jpg 760w, https:\/\/koshkil.com.ar\/wp-content\/uploads\/2020\/05\/sobre-nosotros-back-min-430x258.jpg 430w, https:\/\/koshkil.com.ar\/wp-content\/uploads\/2020\/05\/sobre-nosotros-back-min-570x342.jpg 570w\" sizes=\"auto, (max-width: 2000px) 100vw, 2000px\" \/><\/li><\/ul><\/div><\/div><\/div>\n\t<div class=\"wpb_text_column wpb_content_element\" >\n\t\t<div class=\"wpb_wrapper\">\n\t\t\t<h2>ORIGIN<\/h2>\n\n\t\t<\/div>\n\t<\/div>\n\n\t<div class=\"wpb_text_column wpb_content_element  content\" >\n\t\t<div class=\"wpb_wrapper\">\n\t\t\t<p><strong>A CENTENNIAL FAMILY COMPANY<br \/>\n<\/strong>We promote cultural change based on prioritizing the training of our human resources, making this extensive to the whole community, thus allowing participation in the whole value chain our final product goes through.<\/p>\n<p>This plan includes paying special attention to training the people who are involved directly or indirectly with any of the production steps, and therefore make possible for the company to improve constantly through time.<\/p>\n\n\t\t<\/div>\n\t<\/div>\n\n\t<div class=\"wpb_raw_code wpb_content_element wpb_raw_html\" >\n\t\t<div class=\"wpb_wrapper\">\n\t\t\t<div class=\"separador-puntos\"><div><\/div><\/div>\n\t\t<\/div>\n\t<\/div>\n<\/div><\/div><\/div><\/div><div class=\"vc_row wpb_row vc_row-fluid margin_overflow attributes vc_custom_1576702754189 vc_row-o-equal-height vc_row-o-content-middle vc_row-flex\"><div class=\"attributes-content wpb_column vc_column_container vc_col-sm-6 sc_layouts_column_icons_position_left\"><div class=\"vc_column-inner\"><div class=\"wpb_wrapper\"><div class=\"vc_empty_space\"   style=\"height: 50px\"><span class=\"vc_empty_space_inner\"><\/span><\/div><div id=\"sc_content_856418300\"\n\t\tclass=\"sc_content sc_content_default sc_float_center sc_content_width_80p\"><div class=\"sc_content_container\"><div id=\"sc_title_143786948\"\n\t\tclass=\"sc_title sc_title_default\"><h3 class=\"sc_item_title sc_title_title sc_align_left sc_item_title_style_default sc_item_title_tag\">ATTRIBUTES<\/h3><\/div><!-- \/.sc_title --><div class=\"vc_empty_space  height_tiny\"   style=\"height: 1em\"><span class=\"vc_empty_space_inner\"><\/span><\/div>\n\t<div class=\"wpb_text_column wpb_content_element\" >\n\t\t<div class=\"wpb_wrapper\">\n\t\t\t<p><strong>CREATED BY NATURE<br \/>\n<\/strong>Nature has given Merino qualities to protect against the wind and rain.<\/p>\n<p>The ultra-fine wool structure forms a protective layer. That\u2019s how sheep survive the extreme weather conditions of the Patagonia Argentina<\/p>\n\n\t\t<\/div>\n\t<\/div>\n<\/div><\/div><!-- \/.sc_content --><div class=\"vc_empty_space\"   style=\"height: 70px\"><span class=\"vc_empty_space_inner\"><\/span><\/div>\n\t<div  class=\"wpb_single_image wpb_content_element vc_align_left   obejas-ilus\">\n\t\t\n\t\t<figure class=\"wpb_wrapper vc_figure\">\n\t\t\t<div class=\"vc_single_image-wrapper   vc_box_border_grey\"><img loading=\"lazy\" decoding=\"async\" width=\"175\" height=\"175\" src=\"https:\/\/koshkil.com.ar\/wp-content\/uploads\/2019\/12\/obejas-ilus.png\" class=\"vc_single_image-img attachment-full\" alt=\"\" srcset=\"https:\/\/koshkil.com.ar\/wp-content\/uploads\/2019\/12\/obejas-ilus.png 175w, https:\/\/koshkil.com.ar\/wp-content\/uploads\/2019\/12\/obejas-ilus-100x100.png 100w, https:\/\/koshkil.com.ar\/wp-content\/uploads\/2019\/12\/obejas-ilus-150x150.png 150w, https:\/\/koshkil.com.ar\/wp-content\/uploads\/2019\/12\/obejas-ilus-90x90.png 90w\" sizes=\"auto, (max-width: 175px) 100vw, 175px\" \/><\/div>\n\t\t<\/figure>\n\t<\/div>\n<\/div><\/div><\/div><div class=\"attributes-video wpb_column vc_column_container vc_col-sm-12 vc_col-md-6 vc_col-has-fill sc_layouts_column_icons_position_left\"><div class=\"vc_column-inner vc_custom_1590640404275\"><div class=\"wpb_wrapper\"><div class=\"vc_empty_space  height_tiny\"   style=\"height: 4em\"><span class=\"vc_empty_space_inner\"><\/span><\/div>\n\t<div id=\"play_pop\" class=\"wpb_single_image wpb_content_element vc_align_center\">\n\t\t\n\t\t<figure class=\"wpb_wrapper vc_figure\">\n\t\t\t<a href=\"#video_go\" target=\"_self\" class=\"vc_single_image-wrapper   vc_box_border_grey\"><img loading=\"lazy\" decoding=\"async\" width=\"133\" height=\"133\" src=\"https:\/\/koshkil.com.ar\/wp-content\/uploads\/2019\/12\/play.png\" class=\"vc_single_image-img attachment-full\" alt=\"\" srcset=\"https:\/\/koshkil.com.ar\/wp-content\/uploads\/2019\/12\/play.png 133w, https:\/\/koshkil.com.ar\/wp-content\/uploads\/2019\/12\/play-100x100.png 100w, https:\/\/koshkil.com.ar\/wp-content\/uploads\/2019\/12\/play-90x90.png 90w\" sizes=\"auto, (max-width: 133px) 100vw, 133px\" \/><\/a>\n\t\t<\/figure>\n\t<\/div>\n<div class=\"vc_empty_space  height_tiny\"   style=\"height: 4em\"><span class=\"vc_empty_space_inner\"><\/span><\/div><\/div><\/div><\/div><div class=\"wpb_column vc_column_container vc_col-sm-12 sc_layouts_column_icons_position_left\"><div class=\"vc_column-inner\"><div class=\"wpb_wrapper\"><\/div><\/div><\/div><\/div><div class=\"vc_row wpb_row vc_row-fluid caracteristicas vc_custom_1589568693059 vc_row-has-fill\"><div class=\"wpb_column vc_column_container vc_col-sm-12 sc_layouts_column_icons_position_left\"><div class=\"vc_column-inner\"><div class=\"wpb_wrapper\">\n\t<div class=\"wpb_text_column wpb_content_element\" >\n\t\t<div class=\"wpb_wrapper\">\n\t\t\t<h3>MOISTURE MANAGEMENT<\/h3>\n<p>All natural fibers absorb moisture from the atmosphere. In the case of wool, this happens in greater proportion than others. Wool is hygroscopic, absorbing water vapor in a humid atmosphere and losing it in a dry one.<\/p>\n<p>Wool fiber can absorb up to 50% of its weight, while synthetic fabrics retain only 4% before they feel wet. The liquid retained in the cortex of the fiber is evaporated by exposing the garment to air and sun. Merino wool can absorb sweat in a highly effective way. This allows moisture to enter into the interior of the fibers and preventing your body from feeling wet.<\/p>\n<h3>COMFORT<\/h3>\n<p>Koshkil Merino\u2019s fine narrow fiber does not itch. It has a uniform diameter of 14 to 18.5 microns. Its fineness and size uniformity provides incredible softness and comfort.<\/p>\n<h3>ODOUR RESISTANT<\/h3>\n<p>Koshkil Merino wool contains natural antibacterial properties. Each fiber consists of a multitude of overlapping scales, allowing a high level of moisture absorption, creating an atmosphere that prevents bacterial odor.<\/p>\n<h3>STRETCH<\/h3>\n<p>Property closely related to its composition, it refers to the fact that the yarn returns to its natural length after stretching.<\/p>\n<p>The elasticity of wool is determined by the helical structure of its molecules.<\/p>\n<p>Thanks to this natural property to recover its extension, Koshkil wool has the ability to retain the shape, helping to comfort and responding to the extreme demands of strength and stability, so it can bend easily without cracking or breaking.<\/p>\n<h3>THERMAL CONTROL<\/h3>\n<p>Merino wool is an excellent thermal regulator. It maintains an ideal balance between your body and the environment.<\/p>\n<p>This process is known as \u201cheat of sorption\u201d: the fabric absorbs moisture and retains heat when the temperature is cold and wet. And when it is warm, wool releases moisture through the process of \u201cevaporative cooling\u201d<\/p>\n<h3>RENEWABLE AND NATURAL<\/h3>\n<p>Koshkil Merino wool is a natural product. It is durable when in use, yet recyclable and biodegradable at the end of its life cycle.<\/p>\n<h3>EASY CARE<\/h3>\n<p>The moisture absorption characteristics of the Merino Koshkil fiber and its special resilience also contribute to the excellent recovery of the wrinkles that may arise on the clothes.<\/p>\n<h3>UV PROTECTION<\/h3>\n<p>Koshkil Merino wool offers total UV protection.<\/p>\n<p>It is naturally endowed with protection against ultraviolet rays with a UPF 25-50 +.<\/p>\n\n\t\t<\/div>\n\t<\/div>\n<\/div><\/div><\/div><\/div><div class=\"vc_row wpb_row vc_row-fluid lana vc_custom_1590640332137 vc_row-has-fill\"><div class=\"wpb_column vc_column_container vc_col-sm-6 sc_layouts_column_icons_position_left\"><div class=\"vc_column-inner\"><div class=\"wpb_wrapper\">\n\t<div  class=\"wpb_single_image wpb_content_element vc_align_left   mujer\">\n\t\t\n\t\t<figure class=\"wpb_wrapper vc_figure\">\n\t\t\t<div class=\"vc_single_image-wrapper   vc_box_border_grey\"><img loading=\"lazy\" decoding=\"async\" width=\"687\" height=\"877\" src=\"https:\/\/koshkil.com.ar\/wp-content\/uploads\/2019\/12\/mujer.jpg\" class=\"vc_single_image-img attachment-full\" alt=\"\" srcset=\"https:\/\/koshkil.com.ar\/wp-content\/uploads\/2019\/12\/mujer.jpg 687w, https:\/\/koshkil.com.ar\/wp-content\/uploads\/2019\/12\/mujer-430x549.jpg 430w, https:\/\/koshkil.com.ar\/wp-content\/uploads\/2019\/12\/mujer-570x728.jpg 570w, https:\/\/koshkil.com.ar\/wp-content\/uploads\/2019\/12\/mujer-235x300.jpg 235w, https:\/\/koshkil.com.ar\/wp-content\/uploads\/2019\/12\/mujer-370x472.jpg 370w\" sizes=\"auto, (max-width: 687px) 100vw, 687px\" \/><\/div>\n\t\t<\/figure>\n\t<\/div>\n<\/div><\/div><\/div><div class=\"wpb_column vc_column_container vc_col-sm-6 sc_layouts_column_icons_position_left\"><div class=\"vc_column-inner\"><div class=\"wpb_wrapper\">\n\t<div class=\"wpb_text_column wpb_content_element\" >\n\t\t<div class=\"wpb_wrapper\">\n\t\t\t<p>THE MERINO COLLECTION 2020 \/ 2021<\/p>\n\n\t\t<\/div>\n\t<\/div>\n<\/div><\/div><\/div><\/div>","protected":false},"excerpt":{"rendered":"ORIGEN UNA EMPRESA FAMILIAR CENTENARIA Somos una familia dedicada a la cr\u00eda de ovejas en su cuarta generaci\u00f3n, establecidos desde el a\u00f1o 1909, en la estancia la Chaira, en el noroeste de la provincia de Santa Cruz. Promovemos un cambio cultural con base en la importancia dada a la capacitaci\u00f3n&hellip;","protected":false},"author":1,"featured_media":0,"parent":0,"menu_order":13,"comment_status":"closed","ping_status":"closed","template":"","meta":{"_acf_changed":false,"footnotes":""},"class_list":["post-1616","page","type-page","status-publish","hentry"],"acf":[],"yoast_head":"<!-- This site is optimized with the Yoast SEO plugin v27.4 - https:\/\/yoast.com\/product\/yoast-seo-wordpress\/ -->\n<title>About - Koshkil<\/title>\n<meta name=\"robots\" content=\"index, follow, max-snippet:-1, max-image-preview:large, max-video-preview:-1\" \/>\n<link rel=\"canonical\" href=\"https:\/\/koshkil.com.ar\/en\/about-2\/\" \/>\n<meta property=\"og:locale\" content=\"en_US\" \/>\n<meta property=\"og:type\" content=\"article\" \/>\n<meta property=\"og:title\" content=\"About - Koshkil\" \/>\n<meta property=\"og:url\" content=\"https:\/\/koshkil.com.ar\/en\/about-2\/\" \/>\n<meta property=\"og:site_name\" content=\"Koshkil\" \/>\n<meta property=\"article:publisher\" content=\"https:\/\/www.facebook.com\/Koshkil\/\" \/>\n<meta property=\"article:modified_time\" content=\"2020-06-25T16:54:05+00:00\" \/>\n<meta name=\"twitter:card\" content=\"summary_large_image\" \/>\n<meta name=\"twitter:site\" content=\"@koshkilmoda\" \/>\n<meta name=\"twitter:label1\" content=\"Est. reading time\" \/>\n\t<meta name=\"twitter:data1\" content=\"6 minutes\" \/>\n<script type=\"application\/ld+json\" class=\"yoast-schema-graph\">{\"@context\":\"https:\\\/\\\/schema.org\",\"@graph\":[{\"@type\":\"WebPage\",\"@id\":\"https:\\\/\\\/koshkil.com.ar\\\/about-2\\\/\",\"url\":\"https:\\\/\\\/koshkil.com.ar\\\/about-2\\\/\",\"name\":\"About - Koshkil\",\"isPartOf\":{\"@id\":\"https:\\\/\\\/koshkil.com.ar\\\/en\\\/#website\"},\"datePublished\":\"2019-12-18T20:07:04+00:00\",\"dateModified\":\"2020-06-25T16:54:05+00:00\",\"breadcrumb\":{\"@id\":\"https:\\\/\\\/koshkil.com.ar\\\/about-2\\\/#breadcrumb\"},\"inLanguage\":\"en-US\",\"potentialAction\":[{\"@type\":\"ReadAction\",\"target\":[\"https:\\\/\\\/koshkil.com.ar\\\/about-2\\\/\"]}]},{\"@type\":\"BreadcrumbList\",\"@id\":\"https:\\\/\\\/koshkil.com.ar\\\/about-2\\\/#breadcrumb\",\"itemListElement\":[{\"@type\":\"ListItem\",\"position\":1,\"name\":\"Inicio\",\"item\":\"https:\\\/\\\/koshkil.com.ar\\\/\"},{\"@type\":\"ListItem\",\"position\":2,\"name\":\"About\"}]},{\"@type\":\"WebSite\",\"@id\":\"https:\\\/\\\/koshkil.com.ar\\\/en\\\/#website\",\"url\":\"https:\\\/\\\/koshkil.com.ar\\\/en\\\/\",\"name\":\"Koshkil\",\"description\":\"Pure organic merino\",\"publisher\":{\"@id\":\"https:\\\/\\\/koshkil.com.ar\\\/en\\\/#organization\"},\"potentialAction\":[{\"@type\":\"SearchAction\",\"target\":{\"@type\":\"EntryPoint\",\"urlTemplate\":\"https:\\\/\\\/koshkil.com.ar\\\/en\\\/?s={search_term_string}\"},\"query-input\":{\"@type\":\"PropertyValueSpecification\",\"valueRequired\":true,\"valueName\":\"search_term_string\"}}],\"inLanguage\":\"en-US\"},{\"@type\":\"Organization\",\"@id\":\"https:\\\/\\\/koshkil.com.ar\\\/en\\\/#organization\",\"name\":\"Koshkil\",\"url\":\"https:\\\/\\\/koshkil.com.ar\\\/en\\\/\",\"logo\":{\"@type\":\"ImageObject\",\"inLanguage\":\"en-US\",\"@id\":\"https:\\\/\\\/koshkil.com.ar\\\/en\\\/#\\\/schema\\\/logo\\\/image\\\/\",\"url\":\"https:\\\/\\\/koshkil.com.ar\\\/wp-content\\\/uploads\\\/2019\\\/12\\\/koshkil-retina.png\",\"contentUrl\":\"https:\\\/\\\/koshkil.com.ar\\\/wp-content\\\/uploads\\\/2019\\\/12\\\/koshkil-retina.png\",\"width\":356,\"height\":110,\"caption\":\"Koshkil\"},\"image\":{\"@id\":\"https:\\\/\\\/koshkil.com.ar\\\/en\\\/#\\\/schema\\\/logo\\\/image\\\/\"},\"sameAs\":[\"https:\\\/\\\/www.facebook.com\\\/Koshkil\\\/\",\"https:\\\/\\\/x.com\\\/koshkilmoda\",\"https:\\\/\\\/www.instagram.com\\\/koshkil\\\/\",\"https:\\\/\\\/www.pinterest.com\\\/\"]}]}<\/script>\n<!-- \/ Yoast SEO plugin. -->","yoast_head_json":{"title":"About - Koshkil","robots":{"index":"index","follow":"follow","max-snippet":"max-snippet:-1","max-image-preview":"max-image-preview:large","max-video-preview":"max-video-preview:-1"},"canonical":"https:\/\/koshkil.com.ar\/en\/about-2\/","og_locale":"en_US","og_type":"article","og_title":"About - Koshkil","og_url":"https:\/\/koshkil.com.ar\/en\/about-2\/","og_site_name":"Koshkil","article_publisher":"https:\/\/www.facebook.com\/Koshkil\/","article_modified_time":"2020-06-25T16:54:05+00:00","twitter_card":"summary_large_image","twitter_site":"@koshkilmoda","twitter_misc":{"Est. reading time":"6 minutes"},"schema":{"@context":"https:\/\/schema.org","@graph":[{"@type":"WebPage","@id":"https:\/\/koshkil.com.ar\/about-2\/","url":"https:\/\/koshkil.com.ar\/about-2\/","name":"About - Koshkil","isPartOf":{"@id":"https:\/\/koshkil.com.ar\/en\/#website"},"datePublished":"2019-12-18T20:07:04+00:00","dateModified":"2020-06-25T16:54:05+00:00","breadcrumb":{"@id":"https:\/\/koshkil.com.ar\/about-2\/#breadcrumb"},"inLanguage":"en-US","potentialAction":[{"@type":"ReadAction","target":["https:\/\/koshkil.com.ar\/about-2\/"]}]},{"@type":"BreadcrumbList","@id":"https:\/\/koshkil.com.ar\/about-2\/#breadcrumb","itemListElement":[{"@type":"ListItem","position":1,"name":"Inicio","item":"https:\/\/koshkil.com.ar\/"},{"@type":"ListItem","position":2,"name":"About"}]},{"@type":"WebSite","@id":"https:\/\/koshkil.com.ar\/en\/#website","url":"https:\/\/koshkil.com.ar\/en\/","name":"Koshkil","description":"Pure organic merino","publisher":{"@id":"https:\/\/koshkil.com.ar\/en\/#organization"},"potentialAction":[{"@type":"SearchAction","target":{"@type":"EntryPoint","urlTemplate":"https:\/\/koshkil.com.ar\/en\/?s={search_term_string}"},"query-input":{"@type":"PropertyValueSpecification","valueRequired":true,"valueName":"search_term_string"}}],"inLanguage":"en-US"},{"@type":"Organization","@id":"https:\/\/koshkil.com.ar\/en\/#organization","name":"Koshkil","url":"https:\/\/koshkil.com.ar\/en\/","logo":{"@type":"ImageObject","inLanguage":"en-US","@id":"https:\/\/koshkil.com.ar\/en\/#\/schema\/logo\/image\/","url":"https:\/\/koshkil.com.ar\/wp-content\/uploads\/2019\/12\/koshkil-retina.png","contentUrl":"https:\/\/koshkil.com.ar\/wp-content\/uploads\/2019\/12\/koshkil-retina.png","width":356,"height":110,"caption":"Koshkil"},"image":{"@id":"https:\/\/koshkil.com.ar\/en\/#\/schema\/logo\/image\/"},"sameAs":["https:\/\/www.facebook.com\/Koshkil\/","https:\/\/x.com\/koshkilmoda","https:\/\/www.instagram.com\/koshkil\/","https:\/\/www.pinterest.com\/"]}]}},"_links":{"self":[{"href":"https:\/\/koshkil.com.ar\/en\/wp-json\/wp\/v2\/pages\/1616","targetHints":{"allow":["GET"]}}],"collection":[{"href":"https:\/\/koshkil.com.ar\/en\/wp-json\/wp\/v2\/pages"}],"about":[{"href":"https:\/\/koshkil.com.ar\/en\/wp-json\/wp\/v2\/types\/page"}],"author":[{"embeddable":true,"href":"https:\/\/koshkil.com.ar\/en\/wp-json\/wp\/v2\/users\/1"}],"replies":[{"embeddable":true,"href":"https:\/\/koshkil.com.ar\/en\/wp-json\/wp\/v2\/comments?post=1616"}],"version-history":[{"count":36,"href":"https:\/\/koshkil.com.ar\/en\/wp-json\/wp\/v2\/pages\/1616\/revisions"}],"predecessor-version":[{"id":3889,"href":"https:\/\/koshkil.com.ar\/en\/wp-json\/wp\/v2\/pages\/1616\/revisions\/3889"}],"wp:attachment":[{"href":"https:\/\/koshkil.com.ar\/en\/wp-json\/wp\/v2\/media?parent=1616"}],"curies":[{"name":"wp","href":"https:\/\/api.w.org\/{rel}","templated":true}]}}