{"id":1774,"date":"2020-01-26T23:11:56","date_gmt":"2020-01-27T02:11:56","guid":{"rendered":"https:\/\/koshkil.com.ar\/?page_id=1774"},"modified":"2020-10-20T16:01:48","modified_gmt":"2020-10-20T19:01:48","slug":"ecologic-2","status":"publish","type":"page","link":"https:\/\/koshkil.com.ar\/en\/ecologic-2\/","title":{"rendered":"SUSTENTABLE"},"content":{"rendered":"<div id=\"portada\" class=\"vc_row wpb_row vc_row-fluid origin vc_custom_1583198597373 vc_row-has-fill\"><div data-vc-parallax=\"1.5\" class=\"wpb_column vc_column_container vc_col-sm-12 vc_col-has-fill vc_general vc_parallax vc_parallax-content-moving sc_layouts_column_icons_position_left\"><div class=\"vc_column-inner\"><div class=\"wpb_wrapper\">\n\t<div class=\"wpb_text_column wpb_content_element\" >\n\t\t<div class=\"wpb_wrapper\">\n\t\t\t<h1>SUSTENTABLE<\/h1>\n\n\t\t<\/div>\n\t<\/div>\n\n\t<div class=\"wpb_text_column wpb_content_element  content\" >\n\t\t<div class=\"wpb_wrapper\">\n\t\t\t<p>PURE ORGANIC MERINO<\/p>\n\n\t\t<\/div>\n\t<\/div>\n<\/div><\/div><\/div><\/div><div class=\"vc_row wpb_row vc_row-fluid margin_overflow attributes vc_custom_1583197042728 vc_row-o-equal-height vc_row-flex\"><div class=\"attributes-content wpb_column vc_column_container vc_col-sm-6 vc_col-lg-offset-0 vc_col-md-offset-0 vc_col-sm-offset-0 vc_col-xs-1 sc_layouts_column_icons_position_left\"><div class=\"vc_column-inner\"><div class=\"wpb_wrapper\"><div class=\"vc_empty_space\"   style=\"height: 50px\"><span class=\"vc_empty_space_inner\"><\/span><\/div><div id=\"sc_content_1256348402\"\n\t\tclass=\"sc_content sc_content_default sc_float_center sc_content_width_80p\"><div class=\"sc_content_container\"><div id=\"sc_title_1204300446\"\n\t\tclass=\"sc_title sc_title_default\"><h3 class=\"sc_item_title sc_title_title sc_align_left sc_item_title_style_default sc_item_title_tag\">SUSTAINABILITY<\/h3><\/div><!-- \/.sc_title --><div class=\"vc_empty_space  height_tiny\"   style=\"height: 1em\"><span class=\"vc_empty_space_inner\"><\/span><\/div>\n\t<div class=\"wpb_text_column wpb_content_element\" >\n\t\t<div class=\"wpb_wrapper\">\n\t\t\t<p><strong>RESPONSABLE LIVESTOCK BREEDING AND<br \/>\nMANAGEMENT OF THE LAND<br \/>\n<\/strong>The nature that surround us and our fields is our essence so we promisse to always take care of it<\/p>\n\n\t\t<\/div>\n\t<\/div>\n<\/div><\/div><!-- \/.sc_content --><div class=\"vc_empty_space\"   style=\"height: 70px\"><span class=\"vc_empty_space_inner\"><\/span><\/div><\/div><\/div><\/div><div class=\"attributes-video wpb_column vc_column_container vc_col-sm-12 vc_col-lg-offset-0 vc_col-md-offset-0 vc_col-md-6 vc_col-sm-offset-0 vc_col-xs-offset-1 vc_col-xs-1 vc_col-has-fill sc_layouts_column_icons_position_left\"><div class=\"vc_column-inner vc_custom_1589568206229\"><div class=\"wpb_wrapper\"><div class=\"vc_empty_space  height_tiny\"   style=\"height: 4em\"><span class=\"vc_empty_space_inner\"><\/span><\/div>\n\t<div id=\"play_video_eco\" class=\"wpb_single_image wpb_content_element vc_align_center   play_pop\">\n\t\t\n\t\t<figure class=\"wpb_wrapper vc_figure\">\n\t\t\t<a href=\"#video_go\" target=\"_self\" class=\"vc_single_image-wrapper   vc_box_border_grey\"><img loading=\"lazy\" decoding=\"async\" width=\"133\" height=\"133\" src=\"https:\/\/koshkil.com.ar\/wp-content\/uploads\/2019\/12\/play.png\" class=\"vc_single_image-img attachment-full\" alt=\"\" srcset=\"https:\/\/koshkil.com.ar\/wp-content\/uploads\/2019\/12\/play.png 133w, https:\/\/koshkil.com.ar\/wp-content\/uploads\/2019\/12\/play-100x100.png 100w, https:\/\/koshkil.com.ar\/wp-content\/uploads\/2019\/12\/play-90x90.png 90w\" sizes=\"auto, (max-width: 133px) 100vw, 133px\" \/><\/a>\n\t\t<\/figure>\n\t<\/div>\n<div class=\"vc_empty_space  height_tiny\"   style=\"height: 4em\"><span class=\"vc_empty_space_inner\"><\/span><\/div><\/div><\/div><\/div><div class=\"wpb_column vc_column_container vc_col-sm-12 sc_layouts_column_icons_position_left\"><div class=\"vc_column-inner vc_custom_1580092252927\"><div class=\"wpb_wrapper\">\n\t<div  class=\"wpb_single_image wpb_content_element vc_align_center  vc_custom_1580092307185\">\n\t\t\n\t\t<figure class=\"wpb_wrapper vc_figure\">\n\t\t\t<div class=\"vc_single_image-wrapper   vc_box_border_grey\"><img loading=\"lazy\" decoding=\"async\" width=\"125\" height=\"115\" src=\"https:\/\/koshkil.com.ar\/wp-content\/uploads\/2020\/01\/rws.png\" class=\"vc_single_image-img attachment-full\" alt=\"\" \/><\/div>\n\t\t<\/figure>\n\t<\/div>\n\n\t<div class=\"wpb_text_column wpb_content_element  light-text-block\" >\n\t\t<div class=\"wpb_wrapper\">\n\t\t\t<p style=\"text-align: center;\"><strong>RWS CERTIFICATION<\/strong><\/p>\n<p style=\"text-align: center;\">The Responsible Wool Standard (RWS) The Responsible Wool Standard (RWS) was developed by the Global Organic Textile Standard International Working Group so that brands and consumers will have the certitude that wool products proceed from sheep bred respecting their Five Freedoms and also it guarantees the best practices in the management and protection of the land.<\/p>\n<p style=\"text-align: center;\">Each stage in the production and commercialization of products is certified, starting with the wool producers and finishing with the final link in the commercial chain. Every farm is audited by a certification body according to the requirements of animal welfare and land management during times of highest risk.<\/p>\n\n\t\t<\/div>\n\t<\/div>\n<\/div><\/div><\/div><\/div><div class=\"vc_row wpb_row vc_row-fluid limit_width vc_custom_1583197388681 vc_row-o-equal-height vc_row-flex\"><div class=\"wpb_column vc_column_container vc_col-sm-12 vc_col-md-6 vc_col-has-fill sc_layouts_column_icons_position_left\"><div class=\"vc_column-inner vc_custom_1580093264461\"><div class=\"wpb_wrapper\">\n\t<div class=\"wpb_text_column wpb_content_element  vc_custom_1589755523005\" >\n\t\t<div class=\"wpb_wrapper\">\n\t\t\t<p class=\"translation-block\"><strong>The basic principles of RWS are:<\/strong><br \/>\nProtection of animal welfare: The Five Freedoms are protected at all times\n<span style=\"color: #ff8f00\">Freedom from Hunger and Thirst and malnutrition<br>\nFreedom from Fear and Distress<br>\nFreedom from Discomfort Freedom from Pain, Injury or Disease<br>\nFreedom to Express Normal Behavior by providing sufficient space, proper facilities and company of the animal\u2019s own kind.<\/span><\/p>\n\n\t\t<\/div>\n\t<\/div>\n<\/div><\/div><\/div><div class=\"opacity-50 wpb_column vc_column_container vc_col-sm-12 vc_col-md-6 vc_col-has-fill sc_layouts_column_icons_position_left\"><div class=\"vc_column-inner vc_custom_1580093803524\"><div class=\"wpb_wrapper\">\n\t<div class=\"wpb_text_column wpb_content_element  vc_custom_1589755547549\" >\n\t\t<div class=\"wpb_wrapper\">\n\t\t\t<p class=\"translation-block\"><strong>Preserving Land Health<\/strong><br \/>\nResponsible management of the land is practices on RSW farms ensures the protection of the soil, native species and biodiversity. The progressive method of land management is essential for its preservation. Producers must understand the impact of the loss of biodiversity in their land and apply responsible production methods to preserve it. The RWS certification ensures consumers that the wool products come from responsibly managed farms and meet RWS\u2019 requirements.<\/p>\n\n\t\t<\/div>\n\t<\/div>\n<\/div><\/div><\/div><div class=\"opacity-50 wpb_column vc_column_container vc_col-sm-12 vc_col-md-6 vc_col-has-fill sc_layouts_column_icons_position_left\"><div class=\"vc_column-inner vc_custom_1580093808482\"><div class=\"wpb_wrapper\">\n\t<div class=\"wpb_text_column wpb_content_element  vc_custom_1589755566502\" >\n\t\t<div class=\"wpb_wrapper\">\n\t\t\t<p class=\"translation-block\"><strong>Supply Chain Traceability<\/strong><br>\nThe identity of RWS wool is maintained at all times: from the farm to the final product.<\/p>\n\n\t\t<\/div>\n\t<\/div>\n<\/div><\/div><\/div><div class=\"wpb_column vc_column_container vc_col-sm-12 vc_col-md-6 vc_col-has-fill sc_layouts_column_icons_position_left\"><div class=\"vc_column-inner vc_custom_1580093438929\"><div class=\"wpb_wrapper\">\n\t<div class=\"wpb_text_column wpb_content_element  vc_custom_1589755582992\" >\n\t\t<div class=\"wpb_wrapper\">\n\t\t\t<p class=\"translation-block\"><strong>Credible certification<\/strong><br \/>\nA professional independent certification body audits each stage of the supply chain.<\/p>\n\n\t\t<\/div>\n\t<\/div>\n<\/div><\/div><\/div><div class=\"wpb_column vc_column_container vc_col-sm-12 vc_col-md-6 vc_col-has-fill sc_layouts_column_icons_position_left\"><div class=\"vc_column-inner vc_custom_1580093473251\"><div class=\"wpb_wrapper\">\n\t<div class=\"wpb_text_column wpb_content_element  vc_custom_1589755598256\" >\n\t\t<div class=\"wpb_wrapper\">\n\t\t\t<p class=\"translation-block\"><strong>Authenticity<\/strong><br \/>\nOnly products with 100% certified wool are allowed to carry the RWS logo.<\/p>\n\n\t\t<\/div>\n\t<\/div>\n<\/div><\/div><\/div><div class=\"wpb_column vc_column_container vc_col-sm-12 vc_col-md-6 vc_col-has-fill sc_layouts_column_icons_position_left\"><div class=\"vc_column-inner vc_custom_1588810213384\"><div class=\"wpb_wrapper\"><\/div><\/div><\/div><\/div><div class=\"vc_row wpb_row vc_row-fluid\"><div class=\"wpb_column vc_column_container vc_col-sm-12 sc_layouts_column_icons_position_left\"><div class=\"vc_column-inner\"><div class=\"wpb_wrapper\">\n\t<div  class=\"wpb_single_image wpb_content_element vc_align_center\">\n\t\t\n\t\t<figure class=\"wpb_wrapper vc_figure\">\n\t\t\t<div class=\"vc_single_image-wrapper   vc_box_border_grey\"><img loading=\"lazy\" decoding=\"async\" width=\"2000\" height=\"390\" src=\"https:\/\/koshkil.com.ar\/wp-content\/uploads\/2020\/03\/banner-ecologic.jpg\" class=\"vc_single_image-img attachment-full\" alt=\"\" srcset=\"https:\/\/koshkil.com.ar\/wp-content\/uploads\/2020\/03\/banner-ecologic.jpg 2000w, https:\/\/koshkil.com.ar\/wp-content\/uploads\/2020\/03\/banner-ecologic-430x84.jpg 430w, https:\/\/koshkil.com.ar\/wp-content\/uploads\/2020\/03\/banner-ecologic-570x111.jpg 570w, https:\/\/koshkil.com.ar\/wp-content\/uploads\/2020\/03\/banner-ecologic-300x59.jpg 300w, https:\/\/koshkil.com.ar\/wp-content\/uploads\/2020\/03\/banner-ecologic-1024x200.jpg 1024w, https:\/\/koshkil.com.ar\/wp-content\/uploads\/2020\/03\/banner-ecologic-768x150.jpg 768w, https:\/\/koshkil.com.ar\/wp-content\/uploads\/2020\/03\/banner-ecologic-1536x300.jpg 1536w, https:\/\/koshkil.com.ar\/wp-content\/uploads\/2020\/03\/banner-ecologic-370x72.jpg 370w, https:\/\/koshkil.com.ar\/wp-content\/uploads\/2020\/03\/banner-ecologic-760x148.jpg 760w\" sizes=\"auto, (max-width: 2000px) 100vw, 2000px\" \/><\/div>\n\t\t<\/figure>\n\t<\/div>\n<\/div><\/div><\/div><\/div><div class=\"vc_row wpb_row vc_row-fluid vc_custom_1580094228726\"><div class=\"wpb_column vc_column_container vc_col-sm-12 sc_layouts_column_icons_position_left\"><div class=\"vc_column-inner\"><div class=\"wpb_wrapper\">\n\t<div  class=\"wpb_single_image wpb_content_element vc_align_center  vc_custom_1580094245471\">\n\t\t\n\t\t<figure class=\"wpb_wrapper vc_figure\">\n\t\t\t<div class=\"vc_single_image-wrapper   vc_box_border_grey\"><img loading=\"lazy\" decoding=\"async\" width=\"262\" height=\"111\" src=\"https:\/\/koshkil.com.ar\/wp-content\/uploads\/2020\/01\/organica.png\" class=\"vc_single_image-img attachment-full\" alt=\"\" \/><\/div>\n\t\t<\/figure>\n\t<\/div>\n\n\t<div class=\"wpb_text_column wpb_content_element  vc_custom_1589755645796 light-text-block\" >\n\t\t<div class=\"wpb_wrapper\">\n\t\t\t<p style=\"text-align: center;\"><strong><strong>ORGANICA PRECIOUS FIBER CERTIFICATION Premium wool fiber and product traceability.<\/strong><\/strong><\/p>\n<p style=\"text-align: center;\">We are experiencing a significant change in the demand of natural products and wool is one of its major players.<\/p>\n<p style=\"text-align: center;\">Sustainability and economic growth in the production of garments depends to a large extent on the socio-economic welfare of producers and their communities. ORGANICA PRECIOUS FIBER is a World leader in Merino wool. Its certification guarantees that the garments produced by brands are authentic and made with natural fibers respecting the environment and animal welfare.<\/p>\n<p style=\"text-align: center;\">SUSTAINABLE AND MADE WITH INTEGRITY<br \/>\nThe global market is increasingly demanding natural, eco-friendly, organic and sustainable products within a supply chain that is socially, ethically and most importantly environmentally responsible.<\/p>\n<p style=\"text-align: center;\">To achieve this high standard of demand, production is controlled from the source for the highest fiber quality. Organic wool is a material produced in strict compliance with established protocols for life quality of animals and the sustainability of exploitation.<\/p>\n<p style=\"text-align: center;\">Organic farming is a production system that uses natural inputs and is free of pesticides and fertilizers, chemical synthesis, thus promoting the sustainability of care systems and natural resources.<\/p>\n<p style=\"text-align: center;\"><strong>\u2022 Our wool is guaranteed from the beginning, inspected and certified throughout the value chain.<\/strong><\/p>\n<p style=\"text-align: center;\"><strong>\u2022 The most technical natural fiber in the world, renewable and biodegradable.<\/strong><\/p>\n<p style=\"text-align: center;\"><strong>\u2022 It is created from the purity of water, natural grass, the sun and the cold Patagonian environment.<\/strong><\/p>\n\n\t\t<\/div>\n\t<\/div>\n<\/div><\/div><\/div><\/div><div class=\"vc_row wpb_row vc_row-fluid margin-bottom vc_custom_1580094442289 vc_row-has-fill\"><div class=\"wpb_column vc_column_container vc_col-sm-12 sc_layouts_column_icons_position_left\"><div class=\"vc_column-inner\"><div class=\"wpb_wrapper\">\n\t<div  class=\"wpb_single_image wpb_content_element vc_align_center  vc_custom_1583199967766\">\n\t\t\n\t\t<figure class=\"wpb_wrapper vc_figure\">\n\t\t\t<div class=\"vc_single_image-wrapper   vc_box_border_grey\"><img loading=\"lazy\" decoding=\"async\" width=\"235\" height=\"129\" src=\"https:\/\/koshkil.com.ar\/wp-content\/uploads\/2020\/03\/oia.png\" class=\"vc_single_image-img attachment-full\" alt=\"\" \/><\/div>\n\t\t<\/figure>\n\t<\/div>\n\n\t<div class=\"wpb_text_column wpb_content_element  vc_custom_1589755668904 light-text-block\" >\n\t\t<div class=\"wpb_wrapper\">\n\t\t\t<p style=\"text-align: center;\" class=\"translation-block\"><strong>Organic Merino Koshkil Wool is certified by \u201cOIA\u201d.<\/strong><br \/>\nOur wools are of the highest quality and softness, while also ensuring the smallest possible environmental impact. The International Agricultural Organization is the main signature of wool Organic Certification. More info: OIA ARGENTINA www.oia.com.ar<\/p>\n\n\t\t<\/div>\n\t<\/div>\n<\/div><\/div><\/div><\/div>","protected":false},"excerpt":{"rendered":"SUSTENTABLE PURE ORGANIC MERINO SUSTENTABILIDAD Nuestra Esencia La naturaleza que rodea nuestros campos, nuestra esencia. Nos comprometemos a cuidarla. CERTIFICACI\u00d3N RWS Est\u00e1ndar de Lana Responsable El est\u00e1ndar de lana responsable (RWS) fue desarrollado por el Global Organic Textile Standard International Working Group para que las marcas y los consumidores tengan&hellip;","protected":false},"author":1,"featured_media":0,"parent":0,"menu_order":11,"comment_status":"closed","ping_status":"closed","template":"","meta":{"_acf_changed":false,"footnotes":""},"class_list":["post-1774","page","type-page","status-publish","hentry"],"acf":[],"yoast_head":"<!-- This site is optimized with the Yoast SEO plugin v27.4 - https:\/\/yoast.com\/product\/yoast-seo-wordpress\/ -->\n<title>SUSTENTABLE - Koshkil<\/title>\n<meta name=\"robots\" content=\"index, follow, max-snippet:-1, max-image-preview:large, max-video-preview:-1\" \/>\n<link rel=\"canonical\" href=\"https:\/\/koshkil.com.ar\/en\/ecologic-2\/\" \/>\n<meta property=\"og:locale\" content=\"en_US\" \/>\n<meta property=\"og:type\" content=\"article\" \/>\n<meta property=\"og:title\" content=\"SUSTENTABLE - Koshkil\" \/>\n<meta property=\"og:url\" content=\"https:\/\/koshkil.com.ar\/en\/ecologic-2\/\" \/>\n<meta property=\"og:site_name\" content=\"Koshkil\" \/>\n<meta property=\"article:publisher\" content=\"https:\/\/www.facebook.com\/Koshkil\/\" \/>\n<meta property=\"article:modified_time\" content=\"2020-10-20T19:01:48+00:00\" \/>\n<meta name=\"twitter:card\" content=\"summary_large_image\" \/>\n<meta name=\"twitter:site\" content=\"@koshkilmoda\" \/>\n<meta name=\"twitter:label1\" content=\"Est. reading time\" \/>\n\t<meta name=\"twitter:data1\" content=\"7 minutes\" \/>\n<script type=\"application\/ld+json\" class=\"yoast-schema-graph\">{\"@context\":\"https:\\\/\\\/schema.org\",\"@graph\":[{\"@type\":\"WebPage\",\"@id\":\"https:\\\/\\\/koshkil.com.ar\\\/ecologic-2\\\/\",\"url\":\"https:\\\/\\\/koshkil.com.ar\\\/ecologic-2\\\/\",\"name\":\"SUSTENTABLE - Koshkil\",\"isPartOf\":{\"@id\":\"https:\\\/\\\/koshkil.com.ar\\\/en\\\/#website\"},\"datePublished\":\"2020-01-27T02:11:56+00:00\",\"dateModified\":\"2020-10-20T19:01:48+00:00\",\"breadcrumb\":{\"@id\":\"https:\\\/\\\/koshkil.com.ar\\\/ecologic-2\\\/#breadcrumb\"},\"inLanguage\":\"en-US\",\"potentialAction\":[{\"@type\":\"ReadAction\",\"target\":[\"https:\\\/\\\/koshkil.com.ar\\\/ecologic-2\\\/\"]}]},{\"@type\":\"BreadcrumbList\",\"@id\":\"https:\\\/\\\/koshkil.com.ar\\\/ecologic-2\\\/#breadcrumb\",\"itemListElement\":[{\"@type\":\"ListItem\",\"position\":1,\"name\":\"Inicio\",\"item\":\"https:\\\/\\\/koshkil.com.ar\\\/\"},{\"@type\":\"ListItem\",\"position\":2,\"name\":\"SUSTENTABLE\"}]},{\"@type\":\"WebSite\",\"@id\":\"https:\\\/\\\/koshkil.com.ar\\\/en\\\/#website\",\"url\":\"https:\\\/\\\/koshkil.com.ar\\\/en\\\/\",\"name\":\"Koshkil\",\"description\":\"Pure organic merino\",\"publisher\":{\"@id\":\"https:\\\/\\\/koshkil.com.ar\\\/en\\\/#organization\"},\"potentialAction\":[{\"@type\":\"SearchAction\",\"target\":{\"@type\":\"EntryPoint\",\"urlTemplate\":\"https:\\\/\\\/koshkil.com.ar\\\/en\\\/?s={search_term_string}\"},\"query-input\":{\"@type\":\"PropertyValueSpecification\",\"valueRequired\":true,\"valueName\":\"search_term_string\"}}],\"inLanguage\":\"en-US\"},{\"@type\":\"Organization\",\"@id\":\"https:\\\/\\\/koshkil.com.ar\\\/en\\\/#organization\",\"name\":\"Koshkil\",\"url\":\"https:\\\/\\\/koshkil.com.ar\\\/en\\\/\",\"logo\":{\"@type\":\"ImageObject\",\"inLanguage\":\"en-US\",\"@id\":\"https:\\\/\\\/koshkil.com.ar\\\/en\\\/#\\\/schema\\\/logo\\\/image\\\/\",\"url\":\"https:\\\/\\\/koshkil.com.ar\\\/wp-content\\\/uploads\\\/2019\\\/12\\\/koshkil-retina.png\",\"contentUrl\":\"https:\\\/\\\/koshkil.com.ar\\\/wp-content\\\/uploads\\\/2019\\\/12\\\/koshkil-retina.png\",\"width\":356,\"height\":110,\"caption\":\"Koshkil\"},\"image\":{\"@id\":\"https:\\\/\\\/koshkil.com.ar\\\/en\\\/#\\\/schema\\\/logo\\\/image\\\/\"},\"sameAs\":[\"https:\\\/\\\/www.facebook.com\\\/Koshkil\\\/\",\"https:\\\/\\\/x.com\\\/koshkilmoda\",\"https:\\\/\\\/www.instagram.com\\\/koshkil\\\/\",\"https:\\\/\\\/www.pinterest.com\\\/\"]}]}<\/script>\n<!-- \/ Yoast SEO plugin. -->","yoast_head_json":{"title":"SUSTENTABLE - Koshkil","robots":{"index":"index","follow":"follow","max-snippet":"max-snippet:-1","max-image-preview":"max-image-preview:large","max-video-preview":"max-video-preview:-1"},"canonical":"https:\/\/koshkil.com.ar\/en\/ecologic-2\/","og_locale":"en_US","og_type":"article","og_title":"SUSTENTABLE - Koshkil","og_url":"https:\/\/koshkil.com.ar\/en\/ecologic-2\/","og_site_name":"Koshkil","article_publisher":"https:\/\/www.facebook.com\/Koshkil\/","article_modified_time":"2020-10-20T19:01:48+00:00","twitter_card":"summary_large_image","twitter_site":"@koshkilmoda","twitter_misc":{"Est. reading time":"7 minutes"},"schema":{"@context":"https:\/\/schema.org","@graph":[{"@type":"WebPage","@id":"https:\/\/koshkil.com.ar\/ecologic-2\/","url":"https:\/\/koshkil.com.ar\/ecologic-2\/","name":"SUSTENTABLE - Koshkil","isPartOf":{"@id":"https:\/\/koshkil.com.ar\/en\/#website"},"datePublished":"2020-01-27T02:11:56+00:00","dateModified":"2020-10-20T19:01:48+00:00","breadcrumb":{"@id":"https:\/\/koshkil.com.ar\/ecologic-2\/#breadcrumb"},"inLanguage":"en-US","potentialAction":[{"@type":"ReadAction","target":["https:\/\/koshkil.com.ar\/ecologic-2\/"]}]},{"@type":"BreadcrumbList","@id":"https:\/\/koshkil.com.ar\/ecologic-2\/#breadcrumb","itemListElement":[{"@type":"ListItem","position":1,"name":"Inicio","item":"https:\/\/koshkil.com.ar\/"},{"@type":"ListItem","position":2,"name":"SUSTENTABLE"}]},{"@type":"WebSite","@id":"https:\/\/koshkil.com.ar\/en\/#website","url":"https:\/\/koshkil.com.ar\/en\/","name":"Koshkil","description":"Pure organic merino","publisher":{"@id":"https:\/\/koshkil.com.ar\/en\/#organization"},"potentialAction":[{"@type":"SearchAction","target":{"@type":"EntryPoint","urlTemplate":"https:\/\/koshkil.com.ar\/en\/?s={search_term_string}"},"query-input":{"@type":"PropertyValueSpecification","valueRequired":true,"valueName":"search_term_string"}}],"inLanguage":"en-US"},{"@type":"Organization","@id":"https:\/\/koshkil.com.ar\/en\/#organization","name":"Koshkil","url":"https:\/\/koshkil.com.ar\/en\/","logo":{"@type":"ImageObject","inLanguage":"en-US","@id":"https:\/\/koshkil.com.ar\/en\/#\/schema\/logo\/image\/","url":"https:\/\/koshkil.com.ar\/wp-content\/uploads\/2019\/12\/koshkil-retina.png","contentUrl":"https:\/\/koshkil.com.ar\/wp-content\/uploads\/2019\/12\/koshkil-retina.png","width":356,"height":110,"caption":"Koshkil"},"image":{"@id":"https:\/\/koshkil.com.ar\/en\/#\/schema\/logo\/image\/"},"sameAs":["https:\/\/www.facebook.com\/Koshkil\/","https:\/\/x.com\/koshkilmoda","https:\/\/www.instagram.com\/koshkil\/","https:\/\/www.pinterest.com\/"]}]}},"_links":{"self":[{"href":"https:\/\/koshkil.com.ar\/en\/wp-json\/wp\/v2\/pages\/1774","targetHints":{"allow":["GET"]}}],"collection":[{"href":"https:\/\/koshkil.com.ar\/en\/wp-json\/wp\/v2\/pages"}],"about":[{"href":"https:\/\/koshkil.com.ar\/en\/wp-json\/wp\/v2\/types\/page"}],"author":[{"embeddable":true,"href":"https:\/\/koshkil.com.ar\/en\/wp-json\/wp\/v2\/users\/1"}],"replies":[{"embeddable":true,"href":"https:\/\/koshkil.com.ar\/en\/wp-json\/wp\/v2\/comments?post=1774"}],"version-history":[{"count":54,"href":"https:\/\/koshkil.com.ar\/en\/wp-json\/wp\/v2\/pages\/1774\/revisions"}],"predecessor-version":[{"id":4617,"href":"https:\/\/koshkil.com.ar\/en\/wp-json\/wp\/v2\/pages\/1774\/revisions\/4617"}],"wp:attachment":[{"href":"https:\/\/koshkil.com.ar\/en\/wp-json\/wp\/v2\/media?parent=1774"}],"curies":[{"name":"wp","href":"https:\/\/api.w.org\/{rel}","templated":true}]}}