{"id":1860,"date":"2020-02-27T23:46:14","date_gmt":"2020-02-28T02:46:14","guid":{"rendered":"https:\/\/koshkil.com.ar\/?page_id=1860"},"modified":"2022-04-20T20:21:58","modified_gmt":"2022-04-20T23:21:58","slug":"legal-area","status":"publish","type":"page","link":"https:\/\/koshkil.com.ar\/en\/legal-area\/","title":{"rendered":"LEGAL AREA"},"content":{"rendered":"<div id=\"header_legal\" data-vc-full-width=\"true\" data-vc-full-width-init=\"false\" data-vc-stretch-content=\"true\" class=\"vc_row wpb_row vc_row-fluid vc_custom_1589820341453 vc_row-has-fill\"><div class=\"wpb_column vc_column_container vc_col-sm-12 sc_layouts_column_icons_position_left\"><div class=\"vc_column-inner\"><div class=\"wpb_wrapper\">\n\t<div class=\"wpb_raw_code wpb_content_element wpb_raw_html\" >\n\t\t<div class=\"wpb_wrapper\">\n\t\t\t<img decoding=\"async\" style=\"display:block;margin:20px auto;max-width:400px;width:70%\" src=\"http:\/\/koshkil.com.ar\/wp-content\/themes\/clothing69-child\/img\/logo_naranja.svg\">\n\t\t<\/div>\n\t<\/div>\n<\/div><\/div><\/div><\/div><div class=\"vc_row-full-width vc_clearfix\"><\/div><div class=\"vc_row wpb_row vc_row-fluid vc_custom_1589820348133\"><div class=\"wpb_column vc_column_container vc_col-sm-12 sc_layouts_column_icons_position_left\"><div class=\"vc_column-inner\"><div class=\"wpb_wrapper\">\n\t<div class=\"wpb_text_column wpb_content_element\" >\n\t\t<div class=\"wpb_wrapper\">\n\t\t\t<h4><strong>LEGAL AREA<\/strong><\/h4>\n<p>For online orders, warranty and general inquires:<\/p>\n<p>Comunicate: Whatsapp +5491154830763 \/155483-0763<br \/>E-mail: <a href=\"mailto:contacto@koshkil.com.ar\">contacto@koshkil.com.ar<\/a><\/p>\n<p>Working hours:<br \/>Monday- Friday: de 9:00 a.m. to 18:00 p.m.<\/p>\n<p>Social:<\/p>\n<p><img loading=\"lazy\" decoding=\"async\" class=\"alignnone wp-image-1866\" src=\"https:\/\/koshkil.com.ar\/wp-content\/uploads\/2020\/02\/iconmonstr-facebook-6-240-2.png\" alt=\"\" width=\"40\" height=\"40\" srcset=\"https:\/\/koshkil.com.ar\/wp-content\/uploads\/2020\/02\/iconmonstr-facebook-6-240-2.png 240w, https:\/\/koshkil.com.ar\/wp-content\/uploads\/2020\/02\/iconmonstr-facebook-6-240-2-100x100.png 100w, https:\/\/koshkil.com.ar\/wp-content\/uploads\/2020\/02\/iconmonstr-facebook-6-240-2-150x150.png 150w, https:\/\/koshkil.com.ar\/wp-content\/uploads\/2020\/02\/iconmonstr-facebook-6-240-2-90x90.png 90w\" sizes=\"auto, (max-width: 40px) 100vw, 40px\" \/>.\u00a0 \u00a0<img loading=\"lazy\" decoding=\"async\" class=\"alignnone wp-image-1865\" src=\"https:\/\/koshkil.com.ar\/wp-content\/uploads\/2020\/02\/iconmonstr-instagram-13-240.png\" alt=\"\" width=\"40\" height=\"40\" srcset=\"https:\/\/koshkil.com.ar\/wp-content\/uploads\/2020\/02\/iconmonstr-instagram-13-240.png 240w, https:\/\/koshkil.com.ar\/wp-content\/uploads\/2020\/02\/iconmonstr-instagram-13-240-100x100.png 100w, https:\/\/koshkil.com.ar\/wp-content\/uploads\/2020\/02\/iconmonstr-instagram-13-240-150x150.png 150w, https:\/\/koshkil.com.ar\/wp-content\/uploads\/2020\/02\/iconmonstr-instagram-13-240-90x90.png 90w\" sizes=\"auto, (max-width: 40px) 100vw, 40px\" \/><\/p>\n<h5 class=\"wp-block-heading\"><strong>*<\/strong>SHIPPING INFO<\/h5>\n<p>Disfrute de env\u00edo gratuito y devoluciones de cortes\u00eda en todos los pedidos dentro de Capital Federal. Todas las direcciones dentro del pa\u00eds utilizan el servicio de Correo Argentino.<br \/>Los env\u00edos dentro de CABA se realizan dentro de las 48HS<br \/>Los env\u00edos a Gran buenos Aires y al interior del Pa\u00eds entre 5-7 d\u00edas h\u00e1biles.<br \/>Todas las direcciones al exterior de Argentina utilizan el servicio DHL. vinculado con nuestra plataforma. Podr\u00e1s realizar el seguimiento de tu pedido a trav\u00e9s de ON DEMAND DELIVERY<br \/>Env\u00edos al exterior del Pa\u00eds:<br \/>*Env\u00edo est\u00e1ndar: Cliente lo gestiona directamente con DHL<br \/>Espere 1-2 d\u00edas h\u00e1biles para el procesamiento y 5 d\u00edas h\u00e1biles para la entrega. Algunas direcciones rurales pueden demorar m\u00e1s en la entrega.<br \/>*Env\u00edo express Cliente lo gestiona directamente con DHL<br \/>Espere 1 d\u00eda h\u00e1bil para el procesamiento y 3 d\u00edas h\u00e1biles para la entrega. Algunas direcciones rurales pueden demorar m\u00e1s en la entrega.<br \/>Todos los productos de KOSHKIL se entregan con los sobre impermeables de la compa\u00f1\u00eda DHL.<\/p>\n<p class=\"translation-block\">Keep in mind:<br>\nDelivery process begins on business day after the date of purchase. All orders are processed and delivered from Monday to Friday.<\/p>\n<p>\u00a0<\/p>\n<h5 class=\"wp-block-heading\"><strong>* <\/strong>RETURN AND EXCHANGE POLICY:<\/h5>\n<p>\u00a0<\/p>\n<p>At Koshkil, we are committed to the quality of our products and the satisfaction of our customers. The product\u00b4s return service may be made within 30 days after the date of purchase, provided that the item (s) meet the return conditions: unwashed, unused, original tags still attached, on the original packaging.<\/p>\n<p>1. Env\u00edanos un mail a contacto@koshkil.com.ar<br \/>2. En el mail, ind\u00edcanos la siguiente informaci\u00f3n:<br \/>\u2022 N\u00famero de Pedido y producto a cambiar o devolver.<br \/>\u2022 Motivo: cambio o devoluci\u00f3n.<br \/>\u2022 Con esta informaci\u00f3n, nuestro departamento de atenci\u00f3n al cliente se pondr\u00e1 en contacto para coordinar el cambio o la devoluci\u00f3n en el menor tiempo posible.<br \/>Las devoluciones dentro de CABA, El cliente deber\u00e1 efectuar el cambio o devoluci\u00f3n de el\/los Productos a trav\u00e9s de Correo Argentino.<br \/>Las devoluciones dentro CABA, \u00e9l envi\u00f3 ser\u00e1 realizado por el cliente y a cargo de este. Cualquier tarifa de env\u00edo en el pedido original es final y no ser\u00e1 reembolsada.<br \/>Gran Buenos Aires e interior del pa\u00eds, \u00e9l envi\u00f3 ser\u00e1 realizado por el cliente y a cargo de este. Cualquier tarifa de env\u00edo en el pedido original es final y no ser\u00e1 reembolsada.<br \/>Exterior del pa\u00eds \u00e9l envi\u00f3 ser\u00e1 realizado por el cliente y a cargo de este. Cualquier tarifa de env\u00edo en el pedido original es final y no ser\u00e1 reembolsada.<\/p>\n<p><!-- \/wp:post-content --><\/p>\n<p><!-- wp:paragraph --><strong>* If I return an item when I get a refund?<\/strong><br \/>Once your return is received, the refund will be made within a maximum period of 48 hours. You will be refunded in your bank account the amount of the items returned. The products may be returned within a maximum period of seventy-two (72) hours from the date of receipt of the order.<\/p>\n<p><!-- \/wp:paragraph --><\/p>\n<p><!-- wp:paragraph --><strong>* Size chart<\/strong><br \/>To know the correspondence of Koshkil sizes, we recommend you consult the size guide available in each of the product sheets.<\/p>\n<p><!-- \/wp:paragraph --><\/p>\n<p><!-- wp:paragraph --><strong>* What is the warranty policy?<\/strong><br \/>Koshkil products are made with  the highest quality material, to protect them from climatic conditions, they are fully guaranteed against defects in materials and workmanship during the life of the product, which means the usual and habitual life of the product by part of the original owner.If a product fails due to a manufacturing defect, we will replace it at our discretion.If the exact style is not available for replacement, a product of equal value and similar style will be provided.<\/p>\n<p><!-- \/wp:paragraph --><\/p>\n<p><!-- wp:paragraph -->This warranty does not cover the necessary repairs due to accidents, improper care, negligence or normal wear. This warranty is void if the inner labels of the garment are removed. For any damage not covered by the warranty.<\/p>\n<p><!-- \/wp:paragraph --><\/p>\n<p><!-- wp:paragraph -->What does \u201cProduct shelf life\u201d mean?<br \/>The products covered by our warranty program are fully guaranteed, for the original owner, during the practical life of the product. This does not mean your life, although we have often heard stories about our products that have been used for more than thirty-forty years!<br \/>What is \u201cnormal wear\u201d?<br \/>We manufacture all products to meet our highest standards, but no matter how carefully you use and care for your Koshkil product, nothing lasts forever. The garment worn every day in the harshest conditions will degrade faster than someone who only uses their product once or twice a year. Eventually, each product will begin to show signs of ageing and wear. It is possible that your product has simply reached its practical lifespan and it is time to be replaced, and we hope you continue to rely on Koshkil.<br \/>To learn how to properly clean your product, visit the Product Care page.<\/p>\n<p><!-- \/wp:paragraph --><\/p>\n<p><!-- wp:paragraph --><strong>* PRODUCT CARE<\/strong><br \/>I have a question about my claim, who can I contact?<br \/>We will provide updates as we process your claim, but feel free to contact one of our customer experience specialists by using whatsapp +54 9 11 5483-0763<\/p>\n<p><!-- \/wp:paragraph --><\/p>\n<p><!-- wp:html -->*Payment methods<br data-rich-text-line-break=\"true\" \/>We accept the following payment options:<br data-rich-text-line-break=\"true\" \/><img loading=\"lazy\" decoding=\"async\" class=\"alignnone wp-image-1876\" src=\"https:\/\/koshkil.com.ar\/wp-content\/uploads\/2020\/02\/visa-512.png\" sizes=\"auto, (max-width: 37px) 100vw, 37px\" srcset=\"https:\/\/koshkil.com.ar\/wp-content\/uploads\/2020\/02\/visa-512.png 512w, https:\/\/koshkil.com.ar\/wp-content\/uploads\/2020\/02\/visa-512-430x353.png 430w, https:\/\/koshkil.com.ar\/wp-content\/uploads\/2020\/02\/visa-512-300x246.png 300w, https:\/\/koshkil.com.ar\/wp-content\/uploads\/2020\/02\/visa-512-370x304.png 370w\" alt=\"\" width=\"37\" height=\"30\" \/> Visa<br data-rich-text-line-break=\"true\" \/><img loading=\"lazy\" decoding=\"async\" class=\"alignnone wp-image-1877\" src=\"https:\/\/koshkil.com.ar\/wp-content\/uploads\/2020\/02\/mastercard_vrt_pos_92px_2x.png\" alt=\"\" width=\"30\" height=\"25\" \/>\u00a0MasterCard<br data-rich-text-line-break=\"true\" \/><img loading=\"lazy\" decoding=\"async\" class=\"alignnone wp-image-1878\" src=\"https:\/\/koshkil.com.ar\/wp-content\/uploads\/2020\/02\/unnamed.png\" sizes=\"auto, (max-width: 29px) 100vw, 29px\" srcset=\"https:\/\/koshkil.com.ar\/wp-content\/uploads\/2020\/02\/unnamed.png 256w, https:\/\/koshkil.com.ar\/wp-content\/uploads\/2020\/02\/unnamed-100x100.png 100w, https:\/\/koshkil.com.ar\/wp-content\/uploads\/2020\/02\/unnamed-150x150.png 150w, https:\/\/koshkil.com.ar\/wp-content\/uploads\/2020\/02\/unnamed-90x90.png 90w\" alt=\"\" width=\"29\" height=\"29\" \/> American express<br \/><img loading=\"lazy\" decoding=\"async\" class=\"alignnone wp-image-1879\" src=\"https:\/\/koshkil.com.ar\/wp-content\/uploads\/2020\/02\/paypal-logo-3.png\" sizes=\"auto, (max-width: 72px) 100vw, 72px\" srcset=\"https:\/\/koshkil.com.ar\/wp-content\/uploads\/2020\/02\/paypal-logo-3.png 2000w, https:\/\/koshkil.com.ar\/wp-content\/uploads\/2020\/02\/paypal-logo-3-430x113.png 430w, https:\/\/koshkil.com.ar\/wp-content\/uploads\/2020\/02\/paypal-logo-3-570x150.png 570w, https:\/\/koshkil.com.ar\/wp-content\/uploads\/2020\/02\/paypal-logo-3-300x79.png 300w, https:\/\/koshkil.com.ar\/wp-content\/uploads\/2020\/02\/paypal-logo-3-1024x270.png 1024w, https:\/\/koshkil.com.ar\/wp-content\/uploads\/2020\/02\/paypal-logo-3-768x202.png 768w, https:\/\/koshkil.com.ar\/wp-content\/uploads\/2020\/02\/paypal-logo-3-1536x405.png 1536w, https:\/\/koshkil.com.ar\/wp-content\/uploads\/2020\/02\/paypal-logo-3-370x97.png 370w, https:\/\/koshkil.com.ar\/wp-content\/uploads\/2020\/02\/paypal-logo-3-760x200.png 760w\" alt=\"\" width=\"72\" height=\"19\" \/><\/p>\n<p><!-- \/wp:html -->\u00a0<\/p>\n\n\t\t<\/div>\n\t<\/div>\n<\/div><\/div><\/div><\/div>","protected":false},"excerpt":{"rendered":"AREA LEGAL Para pedidos en l\u00ednea, garant\u00eda y consultas generales: Comunicate: Whatsapp +5491154830763 \/155483-0763E-mail: contacto@koshkil.com.ar Horas de atenci\u00f3n:Lunes a viernes: de 9:00 a.m. a 18:00 p.m. . Social: .\u00a0 \u00a0 *Datos del env\u00edo Disfrute de env\u00edo gratuito y devoluciones de cortes\u00eda en todos los pedidos dentro de Capital Federal. Todas&hellip;","protected":false},"author":1,"featured_media":0,"parent":0,"menu_order":10,"comment_status":"closed","ping_status":"closed","template":"","meta":{"_acf_changed":false,"footnotes":""},"class_list":["post-1860","page","type-page","status-publish","hentry"],"acf":[],"yoast_head":"<!-- This site is optimized with the Yoast SEO plugin v27.4 - https:\/\/yoast.com\/product\/yoast-seo-wordpress\/ -->\n<title>Area legal - Koshkil<\/title>\n<meta name=\"robots\" content=\"index, follow, max-snippet:-1, max-image-preview:large, max-video-preview:-1\" \/>\n<link rel=\"canonical\" href=\"https:\/\/koshkil.com.ar\/en\/legal-area\/\" \/>\n<meta property=\"og:locale\" content=\"en_US\" \/>\n<meta property=\"og:type\" content=\"article\" \/>\n<meta property=\"og:title\" content=\"Area legal - Koshkil\" \/>\n<meta property=\"og:url\" content=\"https:\/\/koshkil.com.ar\/en\/legal-area\/\" \/>\n<meta property=\"og:site_name\" content=\"Koshkil\" \/>\n<meta property=\"article:publisher\" content=\"https:\/\/www.facebook.com\/Koshkil\/\" \/>\n<meta property=\"article:modified_time\" content=\"2022-04-20T23:21:58+00:00\" \/>\n<meta property=\"og:image\" content=\"https:\/\/koshkil.com.ar\/wp-content\/uploads\/2020\/02\/iconmonstr-facebook-6-240-2.png\" \/>\n<meta name=\"twitter:card\" content=\"summary_large_image\" \/>\n<meta name=\"twitter:site\" content=\"@koshkilmoda\" \/>\n<meta name=\"twitter:label1\" content=\"Est. reading time\" \/>\n\t<meta name=\"twitter:data1\" content=\"5 minutes\" \/>\n<script type=\"application\/ld+json\" class=\"yoast-schema-graph\">{\"@context\":\"https:\\\/\\\/schema.org\",\"@graph\":[{\"@type\":\"WebPage\",\"@id\":\"https:\\\/\\\/koshkil.com.ar\\\/legal-area\\\/\",\"url\":\"https:\\\/\\\/koshkil.com.ar\\\/legal-area\\\/\",\"name\":\"Area legal - Koshkil\",\"isPartOf\":{\"@id\":\"https:\\\/\\\/koshkil.com.ar\\\/en\\\/#website\"},\"primaryImageOfPage\":{\"@id\":\"https:\\\/\\\/koshkil.com.ar\\\/legal-area\\\/#primaryimage\"},\"image\":{\"@id\":\"https:\\\/\\\/koshkil.com.ar\\\/legal-area\\\/#primaryimage\"},\"thumbnailUrl\":\"https:\\\/\\\/koshkil.com.ar\\\/wp-content\\\/uploads\\\/2020\\\/02\\\/iconmonstr-facebook-6-240-2.png\",\"datePublished\":\"2020-02-28T02:46:14+00:00\",\"dateModified\":\"2022-04-20T23:21:58+00:00\",\"breadcrumb\":{\"@id\":\"https:\\\/\\\/koshkil.com.ar\\\/legal-area\\\/#breadcrumb\"},\"inLanguage\":\"en-US\",\"potentialAction\":[{\"@type\":\"ReadAction\",\"target\":[\"https:\\\/\\\/koshkil.com.ar\\\/legal-area\\\/\"]}]},{\"@type\":\"ImageObject\",\"inLanguage\":\"en-US\",\"@id\":\"https:\\\/\\\/koshkil.com.ar\\\/legal-area\\\/#primaryimage\",\"url\":\"https:\\\/\\\/koshkil.com.ar\\\/wp-content\\\/uploads\\\/2020\\\/02\\\/iconmonstr-facebook-6-240-2.png\",\"contentUrl\":\"https:\\\/\\\/koshkil.com.ar\\\/wp-content\\\/uploads\\\/2020\\\/02\\\/iconmonstr-facebook-6-240-2.png\"},{\"@type\":\"BreadcrumbList\",\"@id\":\"https:\\\/\\\/koshkil.com.ar\\\/legal-area\\\/#breadcrumb\",\"itemListElement\":[{\"@type\":\"ListItem\",\"position\":1,\"name\":\"Inicio\",\"item\":\"https:\\\/\\\/koshkil.com.ar\\\/\"},{\"@type\":\"ListItem\",\"position\":2,\"name\":\"Area legal\"}]},{\"@type\":\"WebSite\",\"@id\":\"https:\\\/\\\/koshkil.com.ar\\\/en\\\/#website\",\"url\":\"https:\\\/\\\/koshkil.com.ar\\\/en\\\/\",\"name\":\"Koshkil\",\"description\":\"Pure organic merino\",\"publisher\":{\"@id\":\"https:\\\/\\\/koshkil.com.ar\\\/en\\\/#organization\"},\"potentialAction\":[{\"@type\":\"SearchAction\",\"target\":{\"@type\":\"EntryPoint\",\"urlTemplate\":\"https:\\\/\\\/koshkil.com.ar\\\/en\\\/?s={search_term_string}\"},\"query-input\":{\"@type\":\"PropertyValueSpecification\",\"valueRequired\":true,\"valueName\":\"search_term_string\"}}],\"inLanguage\":\"en-US\"},{\"@type\":\"Organization\",\"@id\":\"https:\\\/\\\/koshkil.com.ar\\\/en\\\/#organization\",\"name\":\"Koshkil\",\"url\":\"https:\\\/\\\/koshkil.com.ar\\\/en\\\/\",\"logo\":{\"@type\":\"ImageObject\",\"inLanguage\":\"en-US\",\"@id\":\"https:\\\/\\\/koshkil.com.ar\\\/en\\\/#\\\/schema\\\/logo\\\/image\\\/\",\"url\":\"https:\\\/\\\/koshkil.com.ar\\\/wp-content\\\/uploads\\\/2019\\\/12\\\/koshkil-retina.png\",\"contentUrl\":\"https:\\\/\\\/koshkil.com.ar\\\/wp-content\\\/uploads\\\/2019\\\/12\\\/koshkil-retina.png\",\"width\":356,\"height\":110,\"caption\":\"Koshkil\"},\"image\":{\"@id\":\"https:\\\/\\\/koshkil.com.ar\\\/en\\\/#\\\/schema\\\/logo\\\/image\\\/\"},\"sameAs\":[\"https:\\\/\\\/www.facebook.com\\\/Koshkil\\\/\",\"https:\\\/\\\/x.com\\\/koshkilmoda\",\"https:\\\/\\\/www.instagram.com\\\/koshkil\\\/\",\"https:\\\/\\\/www.pinterest.com\\\/\"]}]}<\/script>\n<!-- \/ Yoast SEO plugin. -->","yoast_head_json":{"title":"Area legal - Koshkil","robots":{"index":"index","follow":"follow","max-snippet":"max-snippet:-1","max-image-preview":"max-image-preview:large","max-video-preview":"max-video-preview:-1"},"canonical":"https:\/\/koshkil.com.ar\/en\/legal-area\/","og_locale":"en_US","og_type":"article","og_title":"Area legal - Koshkil","og_url":"https:\/\/koshkil.com.ar\/en\/legal-area\/","og_site_name":"Koshkil","article_publisher":"https:\/\/www.facebook.com\/Koshkil\/","article_modified_time":"2022-04-20T23:21:58+00:00","og_image":[{"url":"https:\/\/koshkil.com.ar\/wp-content\/uploads\/2020\/02\/iconmonstr-facebook-6-240-2.png","type":"","width":"","height":""}],"twitter_card":"summary_large_image","twitter_site":"@koshkilmoda","twitter_misc":{"Est. reading time":"5 minutes"},"schema":{"@context":"https:\/\/schema.org","@graph":[{"@type":"WebPage","@id":"https:\/\/koshkil.com.ar\/legal-area\/","url":"https:\/\/koshkil.com.ar\/legal-area\/","name":"Area legal - Koshkil","isPartOf":{"@id":"https:\/\/koshkil.com.ar\/en\/#website"},"primaryImageOfPage":{"@id":"https:\/\/koshkil.com.ar\/legal-area\/#primaryimage"},"image":{"@id":"https:\/\/koshkil.com.ar\/legal-area\/#primaryimage"},"thumbnailUrl":"https:\/\/koshkil.com.ar\/wp-content\/uploads\/2020\/02\/iconmonstr-facebook-6-240-2.png","datePublished":"2020-02-28T02:46:14+00:00","dateModified":"2022-04-20T23:21:58+00:00","breadcrumb":{"@id":"https:\/\/koshkil.com.ar\/legal-area\/#breadcrumb"},"inLanguage":"en-US","potentialAction":[{"@type":"ReadAction","target":["https:\/\/koshkil.com.ar\/legal-area\/"]}]},{"@type":"ImageObject","inLanguage":"en-US","@id":"https:\/\/koshkil.com.ar\/legal-area\/#primaryimage","url":"https:\/\/koshkil.com.ar\/wp-content\/uploads\/2020\/02\/iconmonstr-facebook-6-240-2.png","contentUrl":"https:\/\/koshkil.com.ar\/wp-content\/uploads\/2020\/02\/iconmonstr-facebook-6-240-2.png"},{"@type":"BreadcrumbList","@id":"https:\/\/koshkil.com.ar\/legal-area\/#breadcrumb","itemListElement":[{"@type":"ListItem","position":1,"name":"Inicio","item":"https:\/\/koshkil.com.ar\/"},{"@type":"ListItem","position":2,"name":"Area legal"}]},{"@type":"WebSite","@id":"https:\/\/koshkil.com.ar\/en\/#website","url":"https:\/\/koshkil.com.ar\/en\/","name":"Koshkil","description":"Pure organic merino","publisher":{"@id":"https:\/\/koshkil.com.ar\/en\/#organization"},"potentialAction":[{"@type":"SearchAction","target":{"@type":"EntryPoint","urlTemplate":"https:\/\/koshkil.com.ar\/en\/?s={search_term_string}"},"query-input":{"@type":"PropertyValueSpecification","valueRequired":true,"valueName":"search_term_string"}}],"inLanguage":"en-US"},{"@type":"Organization","@id":"https:\/\/koshkil.com.ar\/en\/#organization","name":"Koshkil","url":"https:\/\/koshkil.com.ar\/en\/","logo":{"@type":"ImageObject","inLanguage":"en-US","@id":"https:\/\/koshkil.com.ar\/en\/#\/schema\/logo\/image\/","url":"https:\/\/koshkil.com.ar\/wp-content\/uploads\/2019\/12\/koshkil-retina.png","contentUrl":"https:\/\/koshkil.com.ar\/wp-content\/uploads\/2019\/12\/koshkil-retina.png","width":356,"height":110,"caption":"Koshkil"},"image":{"@id":"https:\/\/koshkil.com.ar\/en\/#\/schema\/logo\/image\/"},"sameAs":["https:\/\/www.facebook.com\/Koshkil\/","https:\/\/x.com\/koshkilmoda","https:\/\/www.instagram.com\/koshkil\/","https:\/\/www.pinterest.com\/"]}]}},"_links":{"self":[{"href":"https:\/\/koshkil.com.ar\/en\/wp-json\/wp\/v2\/pages\/1860","targetHints":{"allow":["GET"]}}],"collection":[{"href":"https:\/\/koshkil.com.ar\/en\/wp-json\/wp\/v2\/pages"}],"about":[{"href":"https:\/\/koshkil.com.ar\/en\/wp-json\/wp\/v2\/types\/page"}],"author":[{"embeddable":true,"href":"https:\/\/koshkil.com.ar\/en\/wp-json\/wp\/v2\/users\/1"}],"replies":[{"embeddable":true,"href":"https:\/\/koshkil.com.ar\/en\/wp-json\/wp\/v2\/comments?post=1860"}],"version-history":[{"count":21,"href":"https:\/\/koshkil.com.ar\/en\/wp-json\/wp\/v2\/pages\/1860\/revisions"}],"predecessor-version":[{"id":6439,"href":"https:\/\/koshkil.com.ar\/en\/wp-json\/wp\/v2\/pages\/1860\/revisions\/6439"}],"wp:attachment":[{"href":"https:\/\/koshkil.com.ar\/en\/wp-json\/wp\/v2\/media?parent=1860"}],"curies":[{"name":"wp","href":"https:\/\/api.w.org\/{rel}","templated":true}]}}