{"id":1881,"date":"2020-02-28T00:10:21","date_gmt":"2020-02-28T03:10:21","guid":{"rendered":"https:\/\/koshkil.com.ar\/?page_id=1881"},"modified":"2020-05-19T12:37:28","modified_gmt":"2020-05-19T15:37:28","slug":"customer-care","status":"publish","type":"page","link":"https:\/\/koshkil.com.ar\/en\/customer-care\/","title":{"rendered":"Customer Care"},"content":{"rendered":"<p>For online orders, warranty and general inquires:<br>Comunicate: Whatsapp +5491154830763 \/ 155483-0763<br>E-mail: contacto@koshkil.com.ar<br>Working hours:<br>Monday- Friday: de 9:00 a.m. to 18:00 p.m.\u00a0<\/p>\n\n\n\n<p>Social:<\/p>\n\n\n<p><img loading=\"lazy\" decoding=\"async\" class=\"alignnone wp-image-1866\" src=\"https:\/\/koshkil.com.ar\/wp-content\/uploads\/2020\/02\/iconmonstr-facebook-6-240-2.png\" alt=\"\" width=\"40\" height=\"40\" srcset=\"https:\/\/koshkil.com.ar\/wp-content\/uploads\/2020\/02\/iconmonstr-facebook-6-240-2.png 240w, https:\/\/koshkil.com.ar\/wp-content\/uploads\/2020\/02\/iconmonstr-facebook-6-240-2-100x100.png 100w, https:\/\/koshkil.com.ar\/wp-content\/uploads\/2020\/02\/iconmonstr-facebook-6-240-2-150x150.png 150w, https:\/\/koshkil.com.ar\/wp-content\/uploads\/2020\/02\/iconmonstr-facebook-6-240-2-90x90.png 90w\" sizes=\"auto, (max-width: 40px) 100vw, 40px\" \/>.&nbsp; &nbsp;<img loading=\"lazy\" decoding=\"async\" class=\"alignnone wp-image-1865\" src=\"https:\/\/koshkil.com.ar\/wp-content\/uploads\/2020\/02\/iconmonstr-instagram-13-240.png\" alt=\"\" width=\"40\" height=\"40\" srcset=\"https:\/\/koshkil.com.ar\/wp-content\/uploads\/2020\/02\/iconmonstr-instagram-13-240.png 240w, https:\/\/koshkil.com.ar\/wp-content\/uploads\/2020\/02\/iconmonstr-instagram-13-240-100x100.png 100w, https:\/\/koshkil.com.ar\/wp-content\/uploads\/2020\/02\/iconmonstr-instagram-13-240-150x150.png 150w, https:\/\/koshkil.com.ar\/wp-content\/uploads\/2020\/02\/iconmonstr-instagram-13-240-90x90.png 90w\" sizes=\"auto, (max-width: 40px) 100vw, 40px\" \/><\/p>","protected":false},"excerpt":{"rendered":"<p>Para pedidos en l\u00ednea, garant\u00eda y consultas generales:Comunicate: Whatsapp +5491154830763 \/ 155483-0763Correo electr\u00f3nico: contacto@koshkil.com.arHoras de atenci\u00f3n:Lunes a viernes: de 9:00 a.m. a 18:00 p.m.\u00a0 Social: .&nbsp; &nbsp;<\/p>","protected":false},"author":1,"featured_media":0,"parent":0,"menu_order":9,"comment_status":"closed","ping_status":"closed","template":"","meta":{"_acf_changed":false,"footnotes":""},"class_list":["post-1881","page","type-page","status-publish","hentry"],"acf":[],"yoast_head":"<!-- This site is optimized with the Yoast SEO plugin v27.4 - https:\/\/yoast.com\/product\/yoast-seo-wordpress\/ -->\n<title>Atenci\u00f3n al cliente - Koshkil<\/title>\n<meta name=\"robots\" content=\"index, follow, max-snippet:-1, max-image-preview:large, max-video-preview:-1\" \/>\n<link rel=\"canonical\" href=\"https:\/\/koshkil.com.ar\/en\/customer-care\/\" \/>\n<meta property=\"og:locale\" content=\"en_US\" \/>\n<meta property=\"og:type\" content=\"article\" \/>\n<meta property=\"og:title\" content=\"Atenci\u00f3n al cliente - Koshkil\" \/>\n<meta property=\"og:description\" content=\"Para pedidos en l\u00ednea, garant\u00eda y consultas generales:Comunicate: Whatsapp +5491154830763 \/ 155483-0763Correo electr\u00f3nico: contacto@koshkil.com.arHoras de atenci\u00f3n:Lunes a viernes: de 9:00 a.m. a 18:00 p.m.\u00a0 Social: .&nbsp; &nbsp;\" \/>\n<meta property=\"og:url\" content=\"https:\/\/koshkil.com.ar\/en\/customer-care\/\" \/>\n<meta property=\"og:site_name\" content=\"Koshkil\" \/>\n<meta property=\"article:publisher\" content=\"https:\/\/www.facebook.com\/Koshkil\/\" \/>\n<meta property=\"article:modified_time\" content=\"2020-05-19T15:37:28+00:00\" \/>\n<meta property=\"og:image\" content=\"https:\/\/koshkil.com.ar\/wp-content\/uploads\/2020\/02\/iconmonstr-facebook-6-240-2.png\" \/>\n<meta name=\"twitter:card\" content=\"summary_large_image\" \/>\n<meta name=\"twitter:site\" content=\"@koshkilmoda\" \/>\n<script type=\"application\/ld+json\" class=\"yoast-schema-graph\">{\"@context\":\"https:\\\/\\\/schema.org\",\"@graph\":[{\"@type\":\"WebPage\",\"@id\":\"https:\\\/\\\/koshkil.com.ar\\\/customer-care\\\/\",\"url\":\"https:\\\/\\\/koshkil.com.ar\\\/customer-care\\\/\",\"name\":\"Atenci\u00f3n al cliente - Koshkil\",\"isPartOf\":{\"@id\":\"https:\\\/\\\/koshkil.com.ar\\\/en\\\/#website\"},\"primaryImageOfPage\":{\"@id\":\"https:\\\/\\\/koshkil.com.ar\\\/customer-care\\\/#primaryimage\"},\"image\":{\"@id\":\"https:\\\/\\\/koshkil.com.ar\\\/customer-care\\\/#primaryimage\"},\"thumbnailUrl\":\"https:\\\/\\\/koshkil.com.ar\\\/wp-content\\\/uploads\\\/2020\\\/02\\\/iconmonstr-facebook-6-240-2.png\",\"datePublished\":\"2020-02-28T03:10:21+00:00\",\"dateModified\":\"2020-05-19T15:37:28+00:00\",\"breadcrumb\":{\"@id\":\"https:\\\/\\\/koshkil.com.ar\\\/customer-care\\\/#breadcrumb\"},\"inLanguage\":\"en-US\",\"potentialAction\":[{\"@type\":\"ReadAction\",\"target\":[\"https:\\\/\\\/koshkil.com.ar\\\/customer-care\\\/\"]}]},{\"@type\":\"ImageObject\",\"inLanguage\":\"en-US\",\"@id\":\"https:\\\/\\\/koshkil.com.ar\\\/customer-care\\\/#primaryimage\",\"url\":\"https:\\\/\\\/koshkil.com.ar\\\/wp-content\\\/uploads\\\/2020\\\/02\\\/iconmonstr-facebook-6-240-2.png\",\"contentUrl\":\"https:\\\/\\\/koshkil.com.ar\\\/wp-content\\\/uploads\\\/2020\\\/02\\\/iconmonstr-facebook-6-240-2.png\"},{\"@type\":\"BreadcrumbList\",\"@id\":\"https:\\\/\\\/koshkil.com.ar\\\/customer-care\\\/#breadcrumb\",\"itemListElement\":[{\"@type\":\"ListItem\",\"position\":1,\"name\":\"Inicio\",\"item\":\"https:\\\/\\\/koshkil.com.ar\\\/\"},{\"@type\":\"ListItem\",\"position\":2,\"name\":\"Atenci\u00f3n al cliente\"}]},{\"@type\":\"WebSite\",\"@id\":\"https:\\\/\\\/koshkil.com.ar\\\/en\\\/#website\",\"url\":\"https:\\\/\\\/koshkil.com.ar\\\/en\\\/\",\"name\":\"Koshkil\",\"description\":\"Pure organic merino\",\"publisher\":{\"@id\":\"https:\\\/\\\/koshkil.com.ar\\\/en\\\/#organization\"},\"potentialAction\":[{\"@type\":\"SearchAction\",\"target\":{\"@type\":\"EntryPoint\",\"urlTemplate\":\"https:\\\/\\\/koshkil.com.ar\\\/en\\\/?s={search_term_string}\"},\"query-input\":{\"@type\":\"PropertyValueSpecification\",\"valueRequired\":true,\"valueName\":\"search_term_string\"}}],\"inLanguage\":\"en-US\"},{\"@type\":\"Organization\",\"@id\":\"https:\\\/\\\/koshkil.com.ar\\\/en\\\/#organization\",\"name\":\"Koshkil\",\"url\":\"https:\\\/\\\/koshkil.com.ar\\\/en\\\/\",\"logo\":{\"@type\":\"ImageObject\",\"inLanguage\":\"en-US\",\"@id\":\"https:\\\/\\\/koshkil.com.ar\\\/en\\\/#\\\/schema\\\/logo\\\/image\\\/\",\"url\":\"https:\\\/\\\/koshkil.com.ar\\\/wp-content\\\/uploads\\\/2019\\\/12\\\/koshkil-retina.png\",\"contentUrl\":\"https:\\\/\\\/koshkil.com.ar\\\/wp-content\\\/uploads\\\/2019\\\/12\\\/koshkil-retina.png\",\"width\":356,\"height\":110,\"caption\":\"Koshkil\"},\"image\":{\"@id\":\"https:\\\/\\\/koshkil.com.ar\\\/en\\\/#\\\/schema\\\/logo\\\/image\\\/\"},\"sameAs\":[\"https:\\\/\\\/www.facebook.com\\\/Koshkil\\\/\",\"https:\\\/\\\/x.com\\\/koshkilmoda\",\"https:\\\/\\\/www.instagram.com\\\/koshkil\\\/\",\"https:\\\/\\\/www.pinterest.com\\\/\"]}]}<\/script>\n<!-- \/ Yoast SEO plugin. -->","yoast_head_json":{"title":"Atenci\u00f3n al cliente - Koshkil","robots":{"index":"index","follow":"follow","max-snippet":"max-snippet:-1","max-image-preview":"max-image-preview:large","max-video-preview":"max-video-preview:-1"},"canonical":"https:\/\/koshkil.com.ar\/en\/customer-care\/","og_locale":"en_US","og_type":"article","og_title":"Atenci\u00f3n al cliente - Koshkil","og_description":"Para pedidos en l\u00ednea, garant\u00eda y consultas generales:Comunicate: Whatsapp +5491154830763 \/ 155483-0763Correo electr\u00f3nico: contacto@koshkil.com.arHoras de atenci\u00f3n:Lunes a viernes: de 9:00 a.m. a 18:00 p.m.\u00a0 Social: .&nbsp; &nbsp;","og_url":"https:\/\/koshkil.com.ar\/en\/customer-care\/","og_site_name":"Koshkil","article_publisher":"https:\/\/www.facebook.com\/Koshkil\/","article_modified_time":"2020-05-19T15:37:28+00:00","og_image":[{"url":"https:\/\/koshkil.com.ar\/wp-content\/uploads\/2020\/02\/iconmonstr-facebook-6-240-2.png","type":"","width":"","height":""}],"twitter_card":"summary_large_image","twitter_site":"@koshkilmoda","schema":{"@context":"https:\/\/schema.org","@graph":[{"@type":"WebPage","@id":"https:\/\/koshkil.com.ar\/customer-care\/","url":"https:\/\/koshkil.com.ar\/customer-care\/","name":"Atenci\u00f3n al cliente - Koshkil","isPartOf":{"@id":"https:\/\/koshkil.com.ar\/en\/#website"},"primaryImageOfPage":{"@id":"https:\/\/koshkil.com.ar\/customer-care\/#primaryimage"},"image":{"@id":"https:\/\/koshkil.com.ar\/customer-care\/#primaryimage"},"thumbnailUrl":"https:\/\/koshkil.com.ar\/wp-content\/uploads\/2020\/02\/iconmonstr-facebook-6-240-2.png","datePublished":"2020-02-28T03:10:21+00:00","dateModified":"2020-05-19T15:37:28+00:00","breadcrumb":{"@id":"https:\/\/koshkil.com.ar\/customer-care\/#breadcrumb"},"inLanguage":"en-US","potentialAction":[{"@type":"ReadAction","target":["https:\/\/koshkil.com.ar\/customer-care\/"]}]},{"@type":"ImageObject","inLanguage":"en-US","@id":"https:\/\/koshkil.com.ar\/customer-care\/#primaryimage","url":"https:\/\/koshkil.com.ar\/wp-content\/uploads\/2020\/02\/iconmonstr-facebook-6-240-2.png","contentUrl":"https:\/\/koshkil.com.ar\/wp-content\/uploads\/2020\/02\/iconmonstr-facebook-6-240-2.png"},{"@type":"BreadcrumbList","@id":"https:\/\/koshkil.com.ar\/customer-care\/#breadcrumb","itemListElement":[{"@type":"ListItem","position":1,"name":"Inicio","item":"https:\/\/koshkil.com.ar\/"},{"@type":"ListItem","position":2,"name":"Atenci\u00f3n al cliente"}]},{"@type":"WebSite","@id":"https:\/\/koshkil.com.ar\/en\/#website","url":"https:\/\/koshkil.com.ar\/en\/","name":"Koshkil","description":"Pure organic merino","publisher":{"@id":"https:\/\/koshkil.com.ar\/en\/#organization"},"potentialAction":[{"@type":"SearchAction","target":{"@type":"EntryPoint","urlTemplate":"https:\/\/koshkil.com.ar\/en\/?s={search_term_string}"},"query-input":{"@type":"PropertyValueSpecification","valueRequired":true,"valueName":"search_term_string"}}],"inLanguage":"en-US"},{"@type":"Organization","@id":"https:\/\/koshkil.com.ar\/en\/#organization","name":"Koshkil","url":"https:\/\/koshkil.com.ar\/en\/","logo":{"@type":"ImageObject","inLanguage":"en-US","@id":"https:\/\/koshkil.com.ar\/en\/#\/schema\/logo\/image\/","url":"https:\/\/koshkil.com.ar\/wp-content\/uploads\/2019\/12\/koshkil-retina.png","contentUrl":"https:\/\/koshkil.com.ar\/wp-content\/uploads\/2019\/12\/koshkil-retina.png","width":356,"height":110,"caption":"Koshkil"},"image":{"@id":"https:\/\/koshkil.com.ar\/en\/#\/schema\/logo\/image\/"},"sameAs":["https:\/\/www.facebook.com\/Koshkil\/","https:\/\/x.com\/koshkilmoda","https:\/\/www.instagram.com\/koshkil\/","https:\/\/www.pinterest.com\/"]}]}},"_links":{"self":[{"href":"https:\/\/koshkil.com.ar\/en\/wp-json\/wp\/v2\/pages\/1881","targetHints":{"allow":["GET"]}}],"collection":[{"href":"https:\/\/koshkil.com.ar\/en\/wp-json\/wp\/v2\/pages"}],"about":[{"href":"https:\/\/koshkil.com.ar\/en\/wp-json\/wp\/v2\/types\/page"}],"author":[{"embeddable":true,"href":"https:\/\/koshkil.com.ar\/en\/wp-json\/wp\/v2\/users\/1"}],"replies":[{"embeddable":true,"href":"https:\/\/koshkil.com.ar\/en\/wp-json\/wp\/v2\/comments?post=1881"}],"version-history":[{"count":6,"href":"https:\/\/koshkil.com.ar\/en\/wp-json\/wp\/v2\/pages\/1881\/revisions"}],"predecessor-version":[{"id":4211,"href":"https:\/\/koshkil.com.ar\/en\/wp-json\/wp\/v2\/pages\/1881\/revisions\/4211"}],"wp:attachment":[{"href":"https:\/\/koshkil.com.ar\/en\/wp-json\/wp\/v2\/media?parent=1881"}],"curies":[{"name":"wp","href":"https:\/\/api.w.org\/{rel}","templated":true}]}}