{"id":1892,"date":"2020-02-28T00:13:38","date_gmt":"2020-02-28T03:13:38","guid":{"rendered":"https:\/\/koshkil.com.ar\/?page_id=1892"},"modified":"2022-07-19T12:12:44","modified_gmt":"2022-07-19T15:12:44","slug":"return-and-exchange-policy","status":"publish","type":"page","link":"https:\/\/koshkil.com.ar\/en\/return-and-exchange-policy\/","title":{"rendered":"RETURN AND EXCHANGE POLICY"},"content":{"rendered":"<p class=\"translation-block\">At Koshkil, we are committed to the quality of our products and the satisfaction of our customers. The product\u00b4s return service may be made within 30 days after the date of purchase, provided that the item (s) meet the return conditions: unwashed, unused, original tags still attached, on the original packaging.\n1. Send us an email to contacto@koshkil.com.ar\n2. In the mail,  the following information should be given:\n\u2022 \u2013 Order number and product to be exchanged or returned.\n\u2022 \u2013 Reason: exchange or return.\n\u2022 \u2013 With this information, our customer service department will contact you to coordinate the exchange or return in the shortest possible time.<\/p>\r\n\r\n\r\n\r\n<p>\u2022 Las devoluciones: Gran Buenos Aires e interior del pa\u00eds. El cliente deber\u00e1 efectuar el cambio o devoluci\u00f3n de el\/los Productos a trav\u00e9s de Correo Argentino, \u00e9l envi\u00f3 ser\u00e1 realizado por el cliente y a cargo de este. Para ello, deber\u00e1 informar tal circunstancia a nuestro centro Atenci\u00f3n al Cliente.\r\nCualquier tarifa de env\u00edo en el pedido original es final y no ser\u00e1 reembolsada.\r\n\r\n\u2022 Las devoluciones: Exterior del pa\u00eds el envi\u00f3 ser\u00e1 realizado por el cliente y a cargo de este. Cualquier tarifa de env\u00edo en el pedido original es final y no ser\u00e1 reembolsada.<\/p>\r\n\r\n\r\n\r\n\r\n<p><strong>* If I return an item when I get a refund?<\/strong><br \/>Una vez recibida su devoluci\u00f3n, el reembolso se efectuar\u00e1 dentro de un plazo de 48 horas como m\u00e1ximo. Se le reintegrar\u00e1 en su cuenta bancaria el importe de los art\u00edculos devueltos. Los productos podr\u00e1n ser devueltos en un plazo m\u00e1ximo de setenta y dos (72) horas h\u00e1biles a partir de la fecha de recepci\u00f3n del pedido.<\/p>\r\n\r\n\r\n\r\n<p><strong>* Size chart<\/strong><br \/>To know the correspondence of Koshkil sizes, we recommend you consult the size guide available in each of the product sheets.<\/p>\r\n\r\n\r\n\r\n<p><strong>* What is the warranty policy?<\/strong><\/p>\r\n\r\n\r\n\r\n<p>Los productos Koshkil est\u00e1n hechos con materiales de la m\u00e1s alta calidad, para protegerlo de las condiciones clim\u00e1ticas, est\u00e1n totalmente garantizados contra defectos en materiales y mano de obra durante la vida \u00fatil del producto, lo que significa la vida \u00fatil habitual y habitual del producto por parte del propietario original. Si un producto falla debido a un defecto de fabricaci\u00f3n, lo reemplazaremos a nuestro criterio. Si el estilo exacto no est\u00e1 disponible para reemplazo, se proporcionar\u00e1 un producto de igual valor y estilo similar.<br \/>This warranty does not cover the necessary repairs due to accidents, improper care, negligence or normal wear. This warranty is void if the inner labels of the garment are removed. For any damage not covered by the warranty.<\/p>\r\n\r\n\r\n\r\n<p>What does \u201cProduct shelf life\u201d mean?<br \/>The products covered by our warranty program are fully guaranteed, for the original owner, during the practical life of the product. This does not mean your life, although we have often heard stories about our products that have been used for more than thirty-forty years!<br \/>What is \u201cnormal wear\u201d?<br \/>We manufacture all products to meet our highest standards, but no matter how carefully you use and care for your Koshkil product, nothing lasts forever. The garment worn every day in the harshest conditions will degrade faster than someone who only uses their product once or twice a year. Eventually, each product will begin to show signs of ageing and wear. It is possible that your product has simply reached its practical lifespan and it is time to be replaced, and we hope you continue to rely on Koshkil.<br \/>Para saber c\u00f3mo limpiar adecuadamente su producto, visite la p\u00e1gina de Cuidado del producto. <\/p>","protected":false},"excerpt":{"rendered":"<p>En Koshkil, estamos comprometidos con la calidad de nuestros productos y la satisfacci\u00f3n de nuestros clientes. La devoluci\u00f3n del producto se podr\u00e1 realizar dentro de los 30 d\u00edas posteriores a la fecha de compra, siempre que el (los) art\u00edculo (s) cumplan con las condiciones de devoluci\u00f3n: sin lavar, sin usar,&hellip;<\/p>","protected":false},"author":1,"featured_media":0,"parent":0,"menu_order":5,"comment_status":"closed","ping_status":"closed","template":"","meta":{"_acf_changed":false,"footnotes":""},"class_list":["post-1892","page","type-page","status-publish","hentry"],"acf":[],"yoast_head":"<!-- This site is optimized with the Yoast SEO plugin v27.4 - https:\/\/yoast.com\/product\/yoast-seo-wordpress\/ -->\n<title>Politica de devoluci\u00f3n y cambio - Koshkil<\/title>\n<meta name=\"robots\" content=\"index, follow, max-snippet:-1, max-image-preview:large, max-video-preview:-1\" \/>\n<link rel=\"canonical\" href=\"https:\/\/koshkil.com.ar\/en\/return-and-exchange-policy\/\" \/>\n<meta property=\"og:locale\" content=\"en_US\" \/>\n<meta property=\"og:type\" content=\"article\" \/>\n<meta property=\"og:title\" content=\"Politica de devoluci\u00f3n y cambio - Koshkil\" \/>\n<meta property=\"og:description\" content=\"En Koshkil, estamos comprometidos con la calidad de nuestros productos y la satisfacci\u00f3n de nuestros clientes. La devoluci\u00f3n del producto se podr\u00e1 realizar dentro de los 30 d\u00edas posteriores a la fecha de compra, siempre que el (los) art\u00edculo (s) cumplan con las condiciones de devoluci\u00f3n: sin lavar, sin usar,&hellip;\" \/>\n<meta property=\"og:url\" content=\"https:\/\/koshkil.com.ar\/en\/return-and-exchange-policy\/\" \/>\n<meta property=\"og:site_name\" content=\"Koshkil\" \/>\n<meta property=\"article:publisher\" content=\"https:\/\/www.facebook.com\/Koshkil\/\" \/>\n<meta property=\"article:modified_time\" content=\"2022-07-19T15:12:44+00:00\" \/>\n<meta name=\"twitter:card\" content=\"summary_large_image\" \/>\n<meta name=\"twitter:site\" content=\"@koshkilmoda\" \/>\n<meta name=\"twitter:label1\" content=\"Est. reading time\" \/>\n\t<meta name=\"twitter:data1\" content=\"3 minutes\" \/>\n<script type=\"application\/ld+json\" class=\"yoast-schema-graph\">{\"@context\":\"https:\\\/\\\/schema.org\",\"@graph\":[{\"@type\":\"WebPage\",\"@id\":\"https:\\\/\\\/koshkil.com.ar\\\/return-and-exchange-policy\\\/\",\"url\":\"https:\\\/\\\/koshkil.com.ar\\\/return-and-exchange-policy\\\/\",\"name\":\"Politica de devoluci\u00f3n y cambio - Koshkil\",\"isPartOf\":{\"@id\":\"https:\\\/\\\/koshkil.com.ar\\\/en\\\/#website\"},\"datePublished\":\"2020-02-28T03:13:38+00:00\",\"dateModified\":\"2022-07-19T15:12:44+00:00\",\"breadcrumb\":{\"@id\":\"https:\\\/\\\/koshkil.com.ar\\\/return-and-exchange-policy\\\/#breadcrumb\"},\"inLanguage\":\"en-US\",\"potentialAction\":[{\"@type\":\"ReadAction\",\"target\":[\"https:\\\/\\\/koshkil.com.ar\\\/return-and-exchange-policy\\\/\"]}]},{\"@type\":\"BreadcrumbList\",\"@id\":\"https:\\\/\\\/koshkil.com.ar\\\/return-and-exchange-policy\\\/#breadcrumb\",\"itemListElement\":[{\"@type\":\"ListItem\",\"position\":1,\"name\":\"Inicio\",\"item\":\"https:\\\/\\\/koshkil.com.ar\\\/\"},{\"@type\":\"ListItem\",\"position\":2,\"name\":\"Politica de devoluci\u00f3n y cambio\"}]},{\"@type\":\"WebSite\",\"@id\":\"https:\\\/\\\/koshkil.com.ar\\\/en\\\/#website\",\"url\":\"https:\\\/\\\/koshkil.com.ar\\\/en\\\/\",\"name\":\"Koshkil\",\"description\":\"Pure organic merino\",\"publisher\":{\"@id\":\"https:\\\/\\\/koshkil.com.ar\\\/en\\\/#organization\"},\"potentialAction\":[{\"@type\":\"SearchAction\",\"target\":{\"@type\":\"EntryPoint\",\"urlTemplate\":\"https:\\\/\\\/koshkil.com.ar\\\/en\\\/?s={search_term_string}\"},\"query-input\":{\"@type\":\"PropertyValueSpecification\",\"valueRequired\":true,\"valueName\":\"search_term_string\"}}],\"inLanguage\":\"en-US\"},{\"@type\":\"Organization\",\"@id\":\"https:\\\/\\\/koshkil.com.ar\\\/en\\\/#organization\",\"name\":\"Koshkil\",\"url\":\"https:\\\/\\\/koshkil.com.ar\\\/en\\\/\",\"logo\":{\"@type\":\"ImageObject\",\"inLanguage\":\"en-US\",\"@id\":\"https:\\\/\\\/koshkil.com.ar\\\/en\\\/#\\\/schema\\\/logo\\\/image\\\/\",\"url\":\"https:\\\/\\\/koshkil.com.ar\\\/wp-content\\\/uploads\\\/2019\\\/12\\\/koshkil-retina.png\",\"contentUrl\":\"https:\\\/\\\/koshkil.com.ar\\\/wp-content\\\/uploads\\\/2019\\\/12\\\/koshkil-retina.png\",\"width\":356,\"height\":110,\"caption\":\"Koshkil\"},\"image\":{\"@id\":\"https:\\\/\\\/koshkil.com.ar\\\/en\\\/#\\\/schema\\\/logo\\\/image\\\/\"},\"sameAs\":[\"https:\\\/\\\/www.facebook.com\\\/Koshkil\\\/\",\"https:\\\/\\\/x.com\\\/koshkilmoda\",\"https:\\\/\\\/www.instagram.com\\\/koshkil\\\/\",\"https:\\\/\\\/www.pinterest.com\\\/\"]}]}<\/script>\n<!-- \/ Yoast SEO plugin. -->","yoast_head_json":{"title":"Politica de devoluci\u00f3n y cambio - Koshkil","robots":{"index":"index","follow":"follow","max-snippet":"max-snippet:-1","max-image-preview":"max-image-preview:large","max-video-preview":"max-video-preview:-1"},"canonical":"https:\/\/koshkil.com.ar\/en\/return-and-exchange-policy\/","og_locale":"en_US","og_type":"article","og_title":"Politica de devoluci\u00f3n y cambio - Koshkil","og_description":"En Koshkil, estamos comprometidos con la calidad de nuestros productos y la satisfacci\u00f3n de nuestros clientes. La devoluci\u00f3n del producto se podr\u00e1 realizar dentro de los 30 d\u00edas posteriores a la fecha de compra, siempre que el (los) art\u00edculo (s) cumplan con las condiciones de devoluci\u00f3n: sin lavar, sin usar,&hellip;","og_url":"https:\/\/koshkil.com.ar\/en\/return-and-exchange-policy\/","og_site_name":"Koshkil","article_publisher":"https:\/\/www.facebook.com\/Koshkil\/","article_modified_time":"2022-07-19T15:12:44+00:00","twitter_card":"summary_large_image","twitter_site":"@koshkilmoda","twitter_misc":{"Est. reading time":"3 minutes"},"schema":{"@context":"https:\/\/schema.org","@graph":[{"@type":"WebPage","@id":"https:\/\/koshkil.com.ar\/return-and-exchange-policy\/","url":"https:\/\/koshkil.com.ar\/return-and-exchange-policy\/","name":"Politica de devoluci\u00f3n y cambio - Koshkil","isPartOf":{"@id":"https:\/\/koshkil.com.ar\/en\/#website"},"datePublished":"2020-02-28T03:13:38+00:00","dateModified":"2022-07-19T15:12:44+00:00","breadcrumb":{"@id":"https:\/\/koshkil.com.ar\/return-and-exchange-policy\/#breadcrumb"},"inLanguage":"en-US","potentialAction":[{"@type":"ReadAction","target":["https:\/\/koshkil.com.ar\/return-and-exchange-policy\/"]}]},{"@type":"BreadcrumbList","@id":"https:\/\/koshkil.com.ar\/return-and-exchange-policy\/#breadcrumb","itemListElement":[{"@type":"ListItem","position":1,"name":"Inicio","item":"https:\/\/koshkil.com.ar\/"},{"@type":"ListItem","position":2,"name":"Politica de devoluci\u00f3n y cambio"}]},{"@type":"WebSite","@id":"https:\/\/koshkil.com.ar\/en\/#website","url":"https:\/\/koshkil.com.ar\/en\/","name":"Koshkil","description":"Pure organic merino","publisher":{"@id":"https:\/\/koshkil.com.ar\/en\/#organization"},"potentialAction":[{"@type":"SearchAction","target":{"@type":"EntryPoint","urlTemplate":"https:\/\/koshkil.com.ar\/en\/?s={search_term_string}"},"query-input":{"@type":"PropertyValueSpecification","valueRequired":true,"valueName":"search_term_string"}}],"inLanguage":"en-US"},{"@type":"Organization","@id":"https:\/\/koshkil.com.ar\/en\/#organization","name":"Koshkil","url":"https:\/\/koshkil.com.ar\/en\/","logo":{"@type":"ImageObject","inLanguage":"en-US","@id":"https:\/\/koshkil.com.ar\/en\/#\/schema\/logo\/image\/","url":"https:\/\/koshkil.com.ar\/wp-content\/uploads\/2019\/12\/koshkil-retina.png","contentUrl":"https:\/\/koshkil.com.ar\/wp-content\/uploads\/2019\/12\/koshkil-retina.png","width":356,"height":110,"caption":"Koshkil"},"image":{"@id":"https:\/\/koshkil.com.ar\/en\/#\/schema\/logo\/image\/"},"sameAs":["https:\/\/www.facebook.com\/Koshkil\/","https:\/\/x.com\/koshkilmoda","https:\/\/www.instagram.com\/koshkil\/","https:\/\/www.pinterest.com\/"]}]}},"_links":{"self":[{"href":"https:\/\/koshkil.com.ar\/en\/wp-json\/wp\/v2\/pages\/1892","targetHints":{"allow":["GET"]}}],"collection":[{"href":"https:\/\/koshkil.com.ar\/en\/wp-json\/wp\/v2\/pages"}],"about":[{"href":"https:\/\/koshkil.com.ar\/en\/wp-json\/wp\/v2\/types\/page"}],"author":[{"embeddable":true,"href":"https:\/\/koshkil.com.ar\/en\/wp-json\/wp\/v2\/users\/1"}],"replies":[{"embeddable":true,"href":"https:\/\/koshkil.com.ar\/en\/wp-json\/wp\/v2\/comments?post=1892"}],"version-history":[{"count":5,"href":"https:\/\/koshkil.com.ar\/en\/wp-json\/wp\/v2\/pages\/1892\/revisions"}],"predecessor-version":[{"id":7035,"href":"https:\/\/koshkil.com.ar\/en\/wp-json\/wp\/v2\/pages\/1892\/revisions\/7035"}],"wp:attachment":[{"href":"https:\/\/koshkil.com.ar\/en\/wp-json\/wp\/v2\/media?parent=1892"}],"curies":[{"name":"wp","href":"https:\/\/api.w.org\/{rel}","templated":true}]}}