{"id":45,"date":"2017-03-24T12:41:11","date_gmt":"2017-03-24T12:41:11","guid":{"rendered":"http:\/\/koshkil.com.ar\/test\/?page_id=45"},"modified":"2020-05-18T16:55:12","modified_gmt":"2020-05-18T19:55:12","slug":"contact-us","status":"publish","type":"page","link":"https:\/\/koshkil.com.ar\/en\/contact-us\/","title":{"rendered":"CONTACT US"},"content":{"rendered":"<div class=\"vc_row wpb_row vc_row-fluid\"><div class=\"wpb_column vc_column_container vc_col-sm-12 sc_layouts_column_icons_position_left\"><div class=\"vc_column-inner\"><div class=\"wpb_wrapper\"><div class=\"vc_empty_space\"   style=\"height: 2.5em\"><span class=\"vc_empty_space_inner\"><\/span><\/div><\/div><\/div><\/div><\/div><div class=\"vc_row wpb_row vc_row-fluid fondo_transparente contacto_container vc_custom_1581823931528 vc_row-has-fill\"><div class=\"wpb_column vc_column_container vc_col-sm-8 sc_layouts_column_icons_position_left\"><div class=\"vc_column-inner\"><div class=\"wpb_wrapper\"><div id=\"sc_title_285423019\"\n\t\tclass=\"sc_title sc_title_default\"><h6 class=\"sc_item_title sc_title_title sc_align_left sc_item_title_style_default sc_item_title_tag\">PLEASE ENTER YOUR INFORMATION IN THE FORM BELOW. YOU WILL BE CONTACTED AS SOON AS POSSIBLE.<\/h6><\/div><!-- \/.sc_title -->\n<div class=\"wpcf7 no-js\" id=\"wpcf7-f1837-o1\" lang=\"es-AR\" dir=\"ltr\" data-wpcf7-id=\"1837\">\n<div class=\"screen-reader-response\"><p role=\"status\" aria-live=\"polite\" aria-atomic=\"true\"><\/p> <ul><\/ul><\/div>\n<form action=\"\/en\/wp-json\/wp\/v2\/pages\/45#wpcf7-f1837-o1\" method=\"post\" class=\"wpcf7-form init\" aria-label=\"Formulario de contacto\" novalidate=\"novalidate\" data-status=\"init\" data-trp-original-action=\"\/en\/wp-json\/wp\/v2\/pages\/45#wpcf7-f1837-o1\">\n<fieldset class=\"hidden-fields-container\"><input type=\"hidden\" name=\"_wpcf7\" value=\"1837\" \/><input type=\"hidden\" name=\"_wpcf7_version\" value=\"6.1.5\" \/><input type=\"hidden\" name=\"_wpcf7_locale\" value=\"es_AR\" \/><input type=\"hidden\" name=\"_wpcf7_unit_tag\" value=\"wpcf7-f1837-o1\" \/><input type=\"hidden\" name=\"_wpcf7_container_post\" value=\"0\" \/><input type=\"hidden\" name=\"_wpcf7_posted_data_hash\" value=\"\" \/>\n<\/fieldset>\n<div class=\"col\">\n\t<p><span class=\"wpcf7-form-control-wrap\" data-name=\"your-name\"><input size=\"40\" maxlength=\"400\" class=\"wpcf7-form-control wpcf7-text nombre\" aria-invalid=\"false\" placeholder=\"NAME\" value=\"\" type=\"text\" name=\"your-name\" \/><\/span><br \/>\n<span class=\"wpcf7-form-control-wrap\" data-name=\"your-email\"><input size=\"40\" maxlength=\"400\" class=\"wpcf7-form-control wpcf7-email wpcf7-validates-as-required wpcf7-text wpcf7-validates-as-email email\" aria-required=\"true\" aria-invalid=\"false\" placeholder=\"YOUR EMAIL\" value=\"\" type=\"email\" name=\"your-email\" \/><\/span><br \/>\n<span class=\"wpcf7-form-control-wrap\" data-name=\"CELLPHONE\"><input size=\"40\" maxlength=\"400\" class=\"wpcf7-form-control wpcf7-text telefono\" aria-invalid=\"false\" placeholder=\"CELL PHONE\" value=\"\" type=\"text\" name=\"CELLPHONE\" \/><\/span><br \/>\n<span class=\"wpcf7-form-control-wrap\" data-name=\"CITYCOUNTRY\"><input size=\"40\" maxlength=\"400\" class=\"wpcf7-form-control wpcf7-text ciudad\" aria-invalid=\"false\" placeholder=\"CITY \/ COUNTRY\" value=\"\" type=\"text\" name=\"CITYCOUNTRY\" \/><\/span>\n\t<\/p>\n<\/div>\n<div class=\"col\">\n\t<p><span class=\"wpcf7-form-control-wrap\" data-name=\"your-message\"><textarea cols=\"40\" rows=\"10\" maxlength=\"2000\" class=\"wpcf7-form-control wpcf7-textarea\" aria-invalid=\"false\" placeholder=\"MESSAGE\" name=\"your-message\"><\/textarea><\/span>\n\t<\/p>\n\t<p><input class=\"wpcf7-form-control wpcf7-submit has-spinner\" type=\"submit\" value=\"SEND\" \/>\n\t<\/p>\n<\/div><div class=\"wpcf7-response-output\" aria-hidden=\"true\"><\/div>\n<input type=\"hidden\" name=\"trp-form-language\" value=\"en\"\/><\/form>\n<\/div>\n<\/div><\/div><\/div><div class=\"wpb_column vc_column_container vc_col-sm-4 sc_layouts_column_icons_position_left\"><div class=\"vc_column-inner\"><div class=\"wpb_wrapper\"><div id=\"sc_title_366035894\"\n\t\tclass=\"sc_title sc_title_default\"><h6 class=\"sc_item_title sc_title_title sc_align_left sc_item_title_style_default sc_item_title_tag\">CHAT NOW!<\/h6><\/div><!-- \/.sc_title -->\n\t<div class=\"wpb_raw_code wpb_content_element wpb_raw_html\" >\n\t\t<div class=\"wpb_wrapper\">\n\t\t\t<div class=\"whatsapp_block\">\n<a href=\"https:\/\/api.whatsapp.com\/send?phone=5491154830763\">+5491154830763<\/a><br \/>\n<p class=\"translation-block\">Personalized service.<br \/>We accompany and advise you on your purchase.<\/p>\n<\/div>\n\t\t<\/div>\n\t<\/div>\n<\/div><\/div><\/div><\/div>","protected":false},"excerpt":{"rendered":"POR FAVOR INGRESE SU INFORMACI\u00d3N EN EL FORMULARIO A CONTINUACI\u00d3N. SER\u00c1 CONTACTADO LO ANTES POSIBLE. CHARLEMOS AHORA! +5491154830763 Servicio Personalizado.Te acompa\u00f1amos y asesoramos en tu compra.","protected":false},"author":1,"featured_media":0,"parent":0,"menu_order":33,"comment_status":"closed","ping_status":"closed","template":"","meta":{"_acf_changed":false,"footnotes":""},"class_list":["post-45","page","type-page","status-publish","hentry"],"acf":[],"yoast_head":"<!-- This site is optimized with the Yoast SEO plugin v27.5 - https:\/\/yoast.com\/product\/yoast-seo-wordpress\/ -->\n<title>Contacto - Koshkil<\/title>\n<meta name=\"robots\" content=\"index, follow, max-snippet:-1, max-image-preview:large, max-video-preview:-1\" \/>\n<link rel=\"canonical\" href=\"https:\/\/koshkil.com.ar\/en\/contact-us\/\" \/>\n<meta property=\"og:locale\" content=\"en_US\" \/>\n<meta property=\"og:type\" content=\"article\" \/>\n<meta property=\"og:title\" content=\"Contacto - Koshkil\" \/>\n<meta property=\"og:url\" content=\"https:\/\/koshkil.com.ar\/en\/contact-us\/\" \/>\n<meta property=\"og:site_name\" content=\"Koshkil\" \/>\n<meta property=\"article:publisher\" content=\"https:\/\/www.facebook.com\/Koshkil\/\" \/>\n<meta property=\"article:modified_time\" content=\"2020-05-18T19:55:12+00:00\" \/>\n<meta name=\"twitter:card\" content=\"summary_large_image\" \/>\n<meta name=\"twitter:site\" content=\"@koshkilmoda\" \/>\n<meta name=\"twitter:label1\" content=\"Est. reading time\" \/>\n\t<meta name=\"twitter:data1\" content=\"1 minute\" \/>\n<script type=\"application\/ld+json\" class=\"yoast-schema-graph\">{\"@context\":\"https:\\\/\\\/schema.org\",\"@graph\":[{\"@type\":\"WebPage\",\"@id\":\"https:\\\/\\\/koshkil.com.ar\\\/contact-us\\\/\",\"url\":\"https:\\\/\\\/koshkil.com.ar\\\/contact-us\\\/\",\"name\":\"Contacto - Koshkil\",\"isPartOf\":{\"@id\":\"https:\\\/\\\/koshkil.com.ar\\\/en\\\/#website\"},\"datePublished\":\"2017-03-24T12:41:11+00:00\",\"dateModified\":\"2020-05-18T19:55:12+00:00\",\"breadcrumb\":{\"@id\":\"https:\\\/\\\/koshkil.com.ar\\\/contact-us\\\/#breadcrumb\"},\"inLanguage\":\"en-US\",\"potentialAction\":[{\"@type\":\"ReadAction\",\"target\":[\"https:\\\/\\\/koshkil.com.ar\\\/contact-us\\\/\"]}]},{\"@type\":\"BreadcrumbList\",\"@id\":\"https:\\\/\\\/koshkil.com.ar\\\/contact-us\\\/#breadcrumb\",\"itemListElement\":[{\"@type\":\"ListItem\",\"position\":1,\"name\":\"Inicio\",\"item\":\"https:\\\/\\\/koshkil.com.ar\\\/\"},{\"@type\":\"ListItem\",\"position\":2,\"name\":\"Contacto\"}]},{\"@type\":\"WebSite\",\"@id\":\"https:\\\/\\\/koshkil.com.ar\\\/en\\\/#website\",\"url\":\"https:\\\/\\\/koshkil.com.ar\\\/en\\\/\",\"name\":\"Koshkil\",\"description\":\"Pure organic merino\",\"publisher\":{\"@id\":\"https:\\\/\\\/koshkil.com.ar\\\/en\\\/#organization\"},\"potentialAction\":[{\"@type\":\"SearchAction\",\"target\":{\"@type\":\"EntryPoint\",\"urlTemplate\":\"https:\\\/\\\/koshkil.com.ar\\\/en\\\/?s={search_term_string}\"},\"query-input\":{\"@type\":\"PropertyValueSpecification\",\"valueRequired\":true,\"valueName\":\"search_term_string\"}}],\"inLanguage\":\"en-US\"},{\"@type\":\"Organization\",\"@id\":\"https:\\\/\\\/koshkil.com.ar\\\/en\\\/#organization\",\"name\":\"Koshkil\",\"url\":\"https:\\\/\\\/koshkil.com.ar\\\/en\\\/\",\"logo\":{\"@type\":\"ImageObject\",\"inLanguage\":\"en-US\",\"@id\":\"https:\\\/\\\/koshkil.com.ar\\\/en\\\/#\\\/schema\\\/logo\\\/image\\\/\",\"url\":\"https:\\\/\\\/koshkil.com.ar\\\/wp-content\\\/uploads\\\/2019\\\/12\\\/koshkil-retina.png\",\"contentUrl\":\"https:\\\/\\\/koshkil.com.ar\\\/wp-content\\\/uploads\\\/2019\\\/12\\\/koshkil-retina.png\",\"width\":356,\"height\":110,\"caption\":\"Koshkil\"},\"image\":{\"@id\":\"https:\\\/\\\/koshkil.com.ar\\\/en\\\/#\\\/schema\\\/logo\\\/image\\\/\"},\"sameAs\":[\"https:\\\/\\\/www.facebook.com\\\/Koshkil\\\/\",\"https:\\\/\\\/x.com\\\/koshkilmoda\",\"https:\\\/\\\/www.instagram.com\\\/koshkil\\\/\",\"https:\\\/\\\/www.pinterest.com\\\/\"]}]}<\/script>\n<!-- \/ Yoast SEO plugin. -->","yoast_head_json":{"title":"Contacto - Koshkil","robots":{"index":"index","follow":"follow","max-snippet":"max-snippet:-1","max-image-preview":"max-image-preview:large","max-video-preview":"max-video-preview:-1"},"canonical":"https:\/\/koshkil.com.ar\/en\/contact-us\/","og_locale":"en_US","og_type":"article","og_title":"Contacto - Koshkil","og_url":"https:\/\/koshkil.com.ar\/en\/contact-us\/","og_site_name":"Koshkil","article_publisher":"https:\/\/www.facebook.com\/Koshkil\/","article_modified_time":"2020-05-18T19:55:12+00:00","twitter_card":"summary_large_image","twitter_site":"@koshkilmoda","twitter_misc":{"Est. reading time":"1 minute"},"schema":{"@context":"https:\/\/schema.org","@graph":[{"@type":"WebPage","@id":"https:\/\/koshkil.com.ar\/contact-us\/","url":"https:\/\/koshkil.com.ar\/contact-us\/","name":"Contacto - Koshkil","isPartOf":{"@id":"https:\/\/koshkil.com.ar\/en\/#website"},"datePublished":"2017-03-24T12:41:11+00:00","dateModified":"2020-05-18T19:55:12+00:00","breadcrumb":{"@id":"https:\/\/koshkil.com.ar\/contact-us\/#breadcrumb"},"inLanguage":"en-US","potentialAction":[{"@type":"ReadAction","target":["https:\/\/koshkil.com.ar\/contact-us\/"]}]},{"@type":"BreadcrumbList","@id":"https:\/\/koshkil.com.ar\/contact-us\/#breadcrumb","itemListElement":[{"@type":"ListItem","position":1,"name":"Inicio","item":"https:\/\/koshkil.com.ar\/"},{"@type":"ListItem","position":2,"name":"Contacto"}]},{"@type":"WebSite","@id":"https:\/\/koshkil.com.ar\/en\/#website","url":"https:\/\/koshkil.com.ar\/en\/","name":"Koshkil","description":"Pure organic merino","publisher":{"@id":"https:\/\/koshkil.com.ar\/en\/#organization"},"potentialAction":[{"@type":"SearchAction","target":{"@type":"EntryPoint","urlTemplate":"https:\/\/koshkil.com.ar\/en\/?s={search_term_string}"},"query-input":{"@type":"PropertyValueSpecification","valueRequired":true,"valueName":"search_term_string"}}],"inLanguage":"en-US"},{"@type":"Organization","@id":"https:\/\/koshkil.com.ar\/en\/#organization","name":"Koshkil","url":"https:\/\/koshkil.com.ar\/en\/","logo":{"@type":"ImageObject","inLanguage":"en-US","@id":"https:\/\/koshkil.com.ar\/en\/#\/schema\/logo\/image\/","url":"https:\/\/koshkil.com.ar\/wp-content\/uploads\/2019\/12\/koshkil-retina.png","contentUrl":"https:\/\/koshkil.com.ar\/wp-content\/uploads\/2019\/12\/koshkil-retina.png","width":356,"height":110,"caption":"Koshkil"},"image":{"@id":"https:\/\/koshkil.com.ar\/en\/#\/schema\/logo\/image\/"},"sameAs":["https:\/\/www.facebook.com\/Koshkil\/","https:\/\/x.com\/koshkilmoda","https:\/\/www.instagram.com\/koshkil\/","https:\/\/www.pinterest.com\/"]}]}},"_links":{"self":[{"href":"https:\/\/koshkil.com.ar\/en\/wp-json\/wp\/v2\/pages\/45","targetHints":{"allow":["GET"]}}],"collection":[{"href":"https:\/\/koshkil.com.ar\/en\/wp-json\/wp\/v2\/pages"}],"about":[{"href":"https:\/\/koshkil.com.ar\/en\/wp-json\/wp\/v2\/types\/page"}],"author":[{"embeddable":true,"href":"https:\/\/koshkil.com.ar\/en\/wp-json\/wp\/v2\/users\/1"}],"replies":[{"embeddable":true,"href":"https:\/\/koshkil.com.ar\/en\/wp-json\/wp\/v2\/comments?post=45"}],"version-history":[{"count":23,"href":"https:\/\/koshkil.com.ar\/en\/wp-json\/wp\/v2\/pages\/45\/revisions"}],"predecessor-version":[{"id":4334,"href":"https:\/\/koshkil.com.ar\/en\/wp-json\/wp\/v2\/pages\/45\/revisions\/4334"}],"wp:attachment":[{"href":"https:\/\/koshkil.com.ar\/en\/wp-json\/wp\/v2\/media?parent=45"}],"curies":[{"name":"wp","href":"https:\/\/api.w.org\/{rel}","templated":true}]}}